{"id":1026,"date":"2023-09-04T15:38:32","date_gmt":"2023-09-04T13:38:32","guid":{"rendered":"https:\/\/ambdublino.esteri.it\/?page_id=1026"},"modified":"2026-04-13T16:10:10","modified_gmt":"2026-04-13T14:10:10","slug":"cittadinanza-per-discendenza-iure-sanguinis","status":"publish","type":"page","link":"https:\/\/ambdublino.esteri.it\/it\/servizi-consolari-e-visti\/servizi-per-il-cittadino-straniero\/cittadinanza\/cittadinanza-per-discendenza-iure-sanguinis\/","title":{"rendered":"Cittadinanza per discendenza \u201ciure sanguinis\u201d\u00a0"},"content":{"rendered":"<p><strong>Cittadinanza per discendenza \u201ciure sanguinis\u201d\u00a0<\/strong><\/p>\n<p><strong>CITTADINANZA PER DISCENDENZA \u201ciure sanguinis\u201d\u00a0(Legge n. 91\/1992 e successive modifiche)<\/strong><\/p>\n<p>La richiesta di riconoscimento della cittadinanza italiana \u00e8 consentita su istanza del diretto interessato,\u00a0<strong>maggiorenne,<\/strong>\u00a0e pu\u00f2 essere presentata, all\u2019estero, esclusivamente all\u2019Ufficio Consolare nel Paese in cui si ha la\u00a0<strong>residenza legale.<\/strong><\/p>\n<p>Si illustrano le seguenti disposizioni operative.<\/p>\n<p>&nbsp;<\/p>\n<p><strong>REQUISITI:<\/strong><\/p>\n<ol>\n<li><strong> 3bis, comma 1, lettera c, legge n. 91\/1992<\/strong><\/li>\n<\/ol>\n<p>uno dei genitori o uno dei nonni (anche adottivi) \u00e8 nato in Italia e possedeva esclusivamente la cittadinanza italiana (N.B. questa condizione deve sussistere alla data della nascita del richiedente o alla morte dell\u2019ascendente, se avvenuta prima);<\/p>\n<ol start=\"2\">\n<li><strong> 3bis, comma 1, lettera d, legge n. 91\/1992<\/strong><\/li>\n<\/ol>\n<p>un genitore o adottante cittadino italiano \u00e8 stato residente in Italia per almeno due anni continuativi prima della data di nascita o di adozione del figlio (residenza che dovr\u00e0 essere provata mediate un certificato storico di residenza rilasciato dal comune competente);<\/p>\n<p>&nbsp;<\/p>\n<p>\u2014\u2014\u2014\u2014\u2014\u2014\u2014\u2014\u2014\u2014\u2014\u2014\u2014\u2014\u2014\u2014\u2014\u2014\u2014\u2014\u2014\u2014\u2014\u2014\u2014\u2014\u2014\u2014\u2014\u2014\u2014\u2014\u2014\u2014\u2014\u2014\u2014\u2014\u2014\u2014\u2014\u2014\u2014\u2014\u2013<\/p>\n<p><strong>NB Per i minorenni<\/strong>\u00a0fare riferimento, a seconda della casistica, alle pagine:<\/p>\n<p><a href=\"https:\/\/ambdublino.esteri.it\/it\/news\/dall_ambasciata\/2025\/07\/nuova-normativa-in-materia-di-registrazione-di-nascita-di-minorenni-figli-di-genitori-italiani\/\">CLICCA QUI<\/a><\/p>\n<p>\u2014\u2014\u2014\u2014\u2014\u2014\u2014\u2014\u2014\u2014\u2014\u2014\u2014\u2014\u2014\u2014\u2014\u2014\u2014\u2014\u2014\u2014\u2014\u2014\u2014\u2014\u2014\u2014\u2014\u2014\u2014\u2014\u2014\u2014\u2014\u2014\u2014\u2014\u2014\u2014\u2014\u2014\u2014\u2014\u2013<\/p>\n<p><strong>\u00a0<\/strong><\/p>\n<p><strong>PROCEDIMENTO:<\/strong><\/p>\n<p>Gli interessati in possesso dei requisiti sopra descritti potranno richiedere un <strong>appuntamento esclusivamente tramite email<\/strong>.<\/p>\n<p><strong>Fase 1<\/strong><\/p>\n<p>Trasmettere all\u2019indirizzo <a href=\"mailto:dublino.cittadinanza@esteri.it\">dublino.cittadinanza@esteri.it<\/a> il seguente modello compilato e firmato <a href=\"https:\/\/ambdublino.esteri.it\/wp-content\/uploads\/2026\/04\/Nuovo-Modello-di-richiesta-Cittadinanza-Italiana-i.s_.pdf\">(CLICCA QUI)<\/a>, unitamente a una scansione di un documento di identit\u00e0 e del permesso di soggiorno irlandese (se extra-UE).<\/p>\n<p><strong>Fase 2<\/strong><\/p>\n<p>Il giorno dell\u2019appuntamento gli interessati dovranno presentare di persona la documentazione completa,<strong>\u00a0in originale e copia,<\/strong>\u00a0a seconda della tipologia richiesta.<\/p>\n<p><strong>Fase 3<\/strong><\/p>\n<p>Questa Ambasciata proceder\u00e0 all\u2019analisi dell\u2019istanza nel termine di 730 giorni previsto per legge (Decreto del Presidente del Consiglio dei Ministri n. 33 del 17\/01\/2014, in G.U. n. 64 del 18\/03\/2014), comunicando eventuali richieste di integrazione\/rettifica documentale in caso di necessit\u00e0.<\/p>\n<p>&nbsp;<\/p>\n<p><strong>Documentazione\u00a0Caso A \u2013<\/strong>\u00a0<strong>Rif.\u00a0Art. 3bis, comma 1, lettera c, legge n. 91\/1992:<\/strong><\/p>\n<p><strong>Del richiedente<\/strong><\/p>\n<ol>\n<li>Passaporto in corso di validit\u00e0 e copia della pagina con foto e firma;<\/li>\n<li>Prova di residenza in questa circoscrizione consolare;<\/li>\n<li>Permesso di soggiorno di lunga durata;<\/li>\n<li>Atto di nascita del richiedente emesso dal paese di nascita, in originale con\u00a0<em>apostille<\/em>se non UE, con traduzione in italiano con\u00a0<em>apostille<\/em>\u00a0se non UE;<\/li>\n<li>Atto di matrimonio (pi\u00f9 eventuali divorzi\/seconde nozze\/ morte del coniuge), in originale con\u00a0<em>apostille<\/em>se non UE, con traduzione in italiano con\u00a0<em>apostille<\/em>\u00a0se non UE.<\/li>\n<\/ol>\n<p><strong>Dell\u2019ascendente (nonno e\/o genitore)<\/strong><\/p>\n<ol>\n<li>Atto di nascita, atto di matrimonio (pi\u00f9 eventuali divorzi\/seconde nozze\/ morte del coniuge), in originale con\u00a0<em>apostille<\/em>se non UE, con traduzione in italiano con\u00a0<em>apostille<\/em>\u00a0se non UE;<\/li>\n<li>Certificato di cittadinanza dell\u2019ascendente dante causa (nonno e\/o genitore);<\/li>\n<li>Certificato di non naturalizzazione rilasciato dalle autorit\u00e0 del Paese in cui ha risieduto\u00a0(con sei mesi di validit\u00e0 dal momento dell\u2019emissione)\u00a0riportante tutte le varianti del nome e del cognome come risultanti dai vari atti di stato civile\u00a0anche se questi sono stati corretti sui singoli certificati (per informazioni riguardo la richiesta di detto certificato, visitare la pagina web delle corrispondenti rappresentanze consolari italiane).<\/li>\n<\/ol>\n<p><strong>NB: <\/strong>La sede provveder\u00e0 alla verifica della <strong>mancata rinuncia alla cittadinanza<\/strong> italiana da parte dell\u2019istante e degli ascendenti.<\/p>\n<p><strong>IMPORTANTE:\u00a0<\/strong>Il modello che rendiamo disponibile a seguire,\u00a0<strong>esclusivamente per l\u2019Irlanda<\/strong>\u00a0\u00e8 a titolo di cortesia ed essendo emesso dalle autorit\u00e0 locali\u00a0non siamo responsabili di eventuali cambiamenti allo stesso\u00a0o modifiche della procedura per ottenere il certificato.<\/p>\n<p><a href=\"https:\/\/ambdublino.esteri.it\/wp-content\/uploads\/2025\/12\/Questionnaire-Does-Not-hold-Irish-citizenship.pdf\"><strong>MODELLO DI RICHIESTA\u00a0<\/strong><\/a><\/p>\n<p>&nbsp;<\/p>\n<p><strong>Documentazione Caso B \u2013<\/strong>\u00a0<strong>Rif. Art. 3bis, comma 1, lettera d, legge n. 91\/1992:<\/strong><\/p>\n<p><strong>Del richiedente<\/strong><\/p>\n<ol>\n<li>Passaporto in corso di validit\u00e0 e copia della pagina con foto e firma;<\/li>\n<li>Prova di residenza in questa circoscrizione consolare;<\/li>\n<li>Permesso di soggiorno di lunga durata;<\/li>\n<li>Atto di nascita del richiedente emesso dal paese di nascita, in originale con\u00a0<em>apostille<\/em>se non UE, con traduzione in italiano con\u00a0<em>apostille<\/em>\u00a0se non UE.<\/li>\n<li>Atto di matrimonio (pi\u00f9 eventuali divorzi\/seconde nozze\/ morte del coniuge), in originale con\u00a0<em>apostille<\/em>se non UE, con traduzione in italiano con\u00a0<em>apostille<\/em>\u00a0se non UE.<\/li>\n<\/ol>\n<p><strong>Del genitore<\/strong><\/p>\n<ol>\n<li>Certificato di cittadinanza da cui si evinca la data di acquisto della cittadinanza, se diversa dalla nascita;<\/li>\n<li>Certificato storico di residenza (rilasciato dal\/i Comune\/i italiano\/i competente\/i);<\/li>\n<li>Atto di nascita, atto di matrimonio (pi\u00f9 eventuali divorzi\/seconde nozze\/ morte del coniuge), in originale con\u00a0<em>apostille<\/em>se non UE, con traduzione in italiano con\u00a0<em>apostille<\/em>\u00a0se non UE.<\/li>\n<\/ol>\n<p>&nbsp;<\/p>\n<p><strong>IMPORTANTE:<\/strong><\/p>\n<p>Tutti i certificati italiani devono essere richiesti al\/i Comune\/i competente\/i, di recente emissione, in originale.<\/p>\n<p>Tutti gli atti, le sentenze e i certificati stranieri dovranno essere legalizzati dalla Rappresentanza diplomatico\/consolare italiana nel Paese di emissione o riportare l\u2019<em>apostille<\/em>\u00a0apposta dalla Autorit\u00e0 straniera competente nei Paesi aderenti alla Convenzione dell\u2019Aja del 5.10.1961 (in caso di dubbio consultare la seguente tabella aggiornata periodicamente dal Ministero dell\u2019Interno\u00a0<a href=\"https:\/\/prefettura.interno.gov.it\/sites\/default\/files\/16\/2024-06\/legalizzazione_supertabella.pdf\">legalizzazione_supertabella.pdf<\/a>).<\/p>\n<p>Tutte le\u00a0<strong>traduzioni<\/strong>\u00a0obbligatorie in italiano degli atti summenzionati, dovranno alternativamente essere legalizzate<\/p>\n<ul>\n<li>mediante\u00a0<em>apostille<\/em>\u00a0apposta dalla Autorit\u00e0 straniera competente nei Paesi aderenti alla Convenzione dell\u2019Aja del 5.10.1961;<\/li>\n<li>dalla Rappresentanza diplomatico\/consolare italiana nel Paese di emissione;<\/li>\n<li>asseverate presso il Tribunale italiano se eseguite in Italia.<\/li>\n<\/ul>\n<p><strong>N.B.<\/strong>\u00a0Per i documenti\u00a0<strong>rilasciati in Irlanda<\/strong>\u00a0non \u00e8 necessaria n\u00e9 la legalizzazione n\u00e9 l\u2019<em>apostille<\/em>. \u00c8 possibile richiedere alle autorit\u00e0 locali i certificati di nascita e di matrimonio in formato plurilingue. In assenza, \u00e8 necessaria la traduzione conforme (vedi link\u00a0<a href=\"https:\/\/ambdublino.esteri.it\/it\/servizi-consolari-e-visti\/servizi-per-il-cittadino-italiano\/traduzione-e-legalizzazione-dei-documenti\/\">Traduzione e legalizzazione dei documenti \u2013 Ambasciata d\u2019Italia Dublino<\/a>)<\/p>\n<p>Il contributo consolare per il trattamento della domanda di riconoscimento della cittadinanza italiana di persona\u00a0maggiorenne\u00a0\u00e8 pari a euro 600,00.<\/p>\n<p>Il contributo va riscosso al momento della presentazione della domanda ed \u00e8 indipendente dall\u2019esito dell\u2019accertamento.<\/p>\n<p>Non si provveder\u00e0 pertanto alla restituzione dell\u2019importo in caso di rigetto dell\u2019istanza.<\/p>\n<p>Il pagamento potr\u00e0 essere effettuato mediante Debit Card (Visa o Mastercard \u2013 NO AMERICAN EXPRESS) il giorno dell\u2019appuntamento.<\/p>\n<p>&nbsp;<\/p>\n","protected":false},"excerpt":{"rendered":"Cittadinanza per discendenza \u201ciure sanguinis\u201d\u00a0 CITTADINANZA PER DISCENDENZA \u201ciure sanguinis\u201d\u00a0(Legge n. 91\/1992 e successive modifiche) La richiesta di riconoscimento della cittadinanza italiana \u00e8 consentita su istanza del diretto interessato,\u00a0maggiorenne,\u00a0e pu\u00f2 essere presentata, all\u2019estero, esclusivamente all\u2019Ufficio Consolare nel Paese in cui si ha la\u00a0residenza legale. Si illustrano le seguenti disposizioni operative. &nbsp; REQUISITI: 3bis, comma 1, [&hellip;]","protected":false},"author":4,"featured_media":0,"parent":90,"menu_order":0,"comment_status":"closed","ping_status":"closed","template":"","meta":{"footnotes":""},"class_list":["post-1026","page","type-page","status-publish","hentry"],"_links":{"self":[{"href":"https:\/\/ambdublino.esteri.it\/it\/wp-json\/wp\/v2\/pages\/1026","targetHints":{"allow":["GET"]}}],"collection":[{"href":"https:\/\/ambdublino.esteri.it\/it\/wp-json\/wp\/v2\/pages"}],"about":[{"href":"https:\/\/ambdublino.esteri.it\/it\/wp-json\/wp\/v2\/types\/page"}],"author":[{"embeddable":true,"href":"https:\/\/ambdublino.esteri.it\/it\/wp-json\/wp\/v2\/users\/4"}],"replies":[{"embeddable":true,"href":"https:\/\/ambdublino.esteri.it\/it\/wp-json\/wp\/v2\/comments?post=1026"}],"version-history":[{"count":7,"href":"https:\/\/ambdublino.esteri.it\/it\/wp-json\/wp\/v2\/pages\/1026\/revisions"}],"predecessor-version":[{"id":5640,"href":"https:\/\/ambdublino.esteri.it\/it\/wp-json\/wp\/v2\/pages\/1026\/revisions\/5640"}],"up":[{"embeddable":true,"href":"https:\/\/ambdublino.esteri.it\/it\/wp-json\/wp\/v2\/pages\/90"}],"wp:attachment":[{"href":"https:\/\/ambdublino.esteri.it\/it\/wp-json\/wp\/v2\/media?parent=1026"}],"curies":[{"name":"wp","href":"https:\/\/api.w.org\/{rel}","templated":true}]}}