{"id":1251,"date":"2023-12-07T11:32:14","date_gmt":"2023-12-07T10:32:14","guid":{"rendered":"https:\/\/ambdublino.esteri.it\/?page_id=1251"},"modified":"2025-12-18T14:10:08","modified_gmt":"2025-12-18T13:10:08","slug":"divorzio","status":"publish","type":"page","link":"https:\/\/ambdublino.esteri.it\/it\/servizi-consolari-e-visti\/servizi-per-il-cittadino-italiano\/stato-civile\/divorzio\/","title":{"rendered":"Divorzio"},"content":{"rendered":"<h3>ISTRUZIONI PER LA RICHIESTA DI TRASCRIZIONE<\/h3>\n<h4><strong>DI UNA SENTENZA DI DIVORZIO <u>EMESSA IN UN PAESE UE<\/u><\/strong><\/h4>\n<p><strong>\u00a0<\/strong>La legge di diritto internazionale privato n. 218\/1995 prevede, quale regola generale, l\u2019automatica efficacia in Italia di sentenze straniere che rispettino alcuni requisiti basilari di compatibilit\u00e0 con l\u2019ordinamento italiano. <u>I provvedimenti stranieri devono per\u00f2 essere trascritti presso il Comune italiano competente<\/u>.<\/p>\n<p>Il connazionale residente in Irlanda, regolarmente iscritto all\u2019A.I.R.E., pu\u00f2 presentare la Sentenza di Divorzio:<\/p>\n<ol>\n<li>Presso la <strong>Cancelleria Consolare di questa Ambasciata<\/strong>, che ne curer\u00e0 la trasmissione in Italia ai fini della trascrizione nei registri di stato civile del Comune competente<\/li>\n<li>Direttamente al <strong>Comune italiano di appartenenza<\/strong>. Per ulteriori informazioni si veda al link:<\/li>\n<\/ol>\n<h4><u>Documentazione necessaria<\/u>:<\/h4>\n<ul>\n<li>Istanza di trasmissione della sentenza sotto forma di <a href=\"https:\/\/ambdublino.esteri.it\/wp-content\/uploads\/2025\/12\/modulo_-_divorzio_ue.docx\">Dichiarazione sostitutiva di Atto Notoriet\u00e0<\/a> nella quale si dichiara che la sentenza \u00e8 passata in giudicato (se ci\u00f2 non compare nel testo della sentenza), che non \u00e8 contraria ad altre sentenze pronunciate da un giudice italiano e che non pende un giudizio davanti a un giudice italiano per il medesimo oggetto e fra le stesse parti, nonch\u00e9 l\u2019insussistenza delle cause ostative;<\/li>\n<li>La sentenza di divorzio rilasciata dall\u2019Autorit\u00e0 competente dello Stato membro con la traduzione in lingua italiana;<\/li>\n<\/ul>\n<p><strong><em>Importante: <\/em><\/strong><em>Il\u00a0Certificato\u00a0rilasciato, su richiesta dell\u2019interessato, dall\u2019Autorit\u00e0 competente dello Stato membro in cui \u00e8 stato pronunciato il divorzio, utilizzando il\u00a0modello standard previsto dal Regolamento CE 2201\/2003\u00a0<strong>per i divorzi passati in giudicato prima del 01\/08\/2022<\/strong> e il modello previsto dal Regolamento CE 2019\/1111 <strong>per i divorzi passati in giudicato dopo il 01\/08\/2022<\/strong><strong>, <\/strong><u>entrambi non necessitano di traduzione<\/u>.<\/em><\/p>\n<ul>\n<li><em>Fotocopia del\u00a0documento di identit\u00e0\u00a0del richiedente dal quale si possa verificare l\u2019autenticit\u00e0 della firma del titolare: Passaporto oppure Carta d\u2019Identit\u00e0 (fronte\/retro)<\/em><\/li>\n<\/ul>\n<h4><em>\u00a0<\/em><strong><u>Modalit\u00e0 di inoltro della richiesta<\/u>:<\/strong><\/h4>\n<ol>\n<li><strong> Per posta ordinaria, <\/strong>inviando tutta la documentazione al seguente indirizzo:<\/li>\n<\/ol>\n<p>Ambasciata d\u2019Italia in Dublino,<br \/>\nCancelleria Consolare<br \/>\n63-65 Northumberland Road<br \/>\nD04VA89<br \/>\nDublin 4<\/p>\n<h4>ISTRUZIONI PER LA RICHIESTA DI TRASCRIZIONE<\/h4>\n<h4><strong>DI UNA SENTENZA DI DIVORZIO <u>EMESSA IN UN PAESE EXTRA UE<\/u><\/strong><\/h4>\n<p><strong>\u00a0<\/strong>La legge di diritto internazionale privato n. 218\/1995 prevede, quale regola generale, l\u2019automatica efficacia in Italia di sentenze straniere che rispettino alcuni requisiti basilari di compatibilit\u00e0 con l\u2019ordinamento italiano. <u>I provvedimenti stranieri devono per\u00f2 essere trascritti presso il Comune italiano competente<\/u>.<\/p>\n<p>Il connazionale residente in Irlanda, regolarmente iscritto all\u2019A.I.R.E., pu\u00f2 presentare la Sentenza di Divorzio, <u>completa di tutta la documentazione sotto indicata<\/u>:<\/p>\n<ol>\n<li>Presso la <strong>Cancelleria Consolare di questa Ambasciata<\/strong>, che ne curer\u00e0 la trasmissione in Italia ai fini della trascrizione nei registri di stato civile del Comune competente<\/li>\n<li>Direttamente al <strong>Comune italiano di apparteneza<\/strong>. Per ulteriori informazioni si veda:<\/li>\n<\/ol>\n<h4><u>Documentazione necessaria<\/u>:<\/h4>\n<ul>\n<li><em>Istanza di trasmissione della sentenza sotto forma di <strong>Dichiarazione sostitutiva di Atto Notoriet\u00e0 <a href=\"https:\/\/ambdublino.esteri.it\/wp-content\/uploads\/2024\/09\/modulo_-_divorzio_extra_ue.pdf\">(Modulo)<\/a><\/strong><\/em><strong><em>\u00a0<\/em><\/strong><em>nella quale si dichiara che la sentenza \u00e8 passata in giudicato (se ci\u00f2 non compare nel testo della sentenza), che non \u00e8 contraria ad altre sentenze pronunciate da un giudice italiano e che non pende un giudizio davanti a un giudice italiano per il medesimo oggetto e fra le stesse parti;<\/em><\/li>\n<li><strong><em>La sentenza<\/em><\/strong><em> (legalizzata) di divorzio rilasciata dall\u2019Autorit\u00e0 competente; <\/em><\/li>\n<\/ul>\n<p><strong><em>N.B. <\/em><\/strong><strong>legalizzazione dei documenti originali<\/strong> rilasciati da autorit\u00e0 estere per la consegna a questa Ambasciata: i documenti emessi da competenti autorit\u00e0 locali di un Paese extra U.E. potranno essere <strong>(a)<\/strong> legalizzati da parte di autorit\u00e0 dello stesso Paese di emissione tramite certificazione internazionale denominata <strong>Apostille<\/strong> (Stati aderenti alla Convenzione dell\u2019Aja 1961) oppure <strong>(b)<\/strong> dovranno essere <strong>legalizzati<\/strong> <strong>da parte della<\/strong> <strong>rappresentanza consolare italiana competente<\/strong> per circoscrizione estera (Paesi non aderenti alla convenzione citata)<\/p>\n<ul>\n<li><strong><em>La traduzione <\/em><\/strong><em>(legalizzata);<\/em><\/li>\n<\/ul>\n<p><strong>N.B. <\/strong>la traduzione dovr\u00e0 essere <strong>legalizzata<\/strong> da parte delle autorit\u00e0 competenti: a seconda dei casi, potr\u00e0 trattarsi della rappresentanza consolare italiana competente per luogo di emissione del documento, oppure di una autorit\u00e0 dello stesso Paese di emissione (in tal caso la certificazione comprender\u00e0 una specifica <em>Apostille<\/em>); in alternativa, ancora, la traduzione potr\u00e0 essere asseverata presso qualsiasi tribunale italiano (facendo riferimento ai locali traduttori giurati).<\/p>\n<ul>\n<li><strong><em>Fotocopia del documento di identit\u00e0 del richiedente <\/em><\/strong><em>dal quale si possa verificare l\u2019autenticit\u00e0 della firma dei titolare: Passaporto oppure Carta d\u2019Identit\u00e0 (fronte\/retro)<\/em><\/li>\n<\/ul>\n<h4><u>Modalit\u00e0 di inoltro della richiesta<\/u>:<\/h4>\n<ol>\n<li><strong>Per posta ordinaria, <\/strong>inviando tutta la documentazione al seguente indirizzo:<\/li>\n<\/ol>\n<p>Ambasciata d\u2019Italia in Dublino,<br \/>\nCancelleria Consolare<br \/>\n63-65 Northumberland Road<br \/>\nD04VA89<br \/>\nDublin 4<\/p>\n<h2><\/h2>\n<h2><\/h2>\n<h2><\/h2>\n<h2><\/h2>\n<h2><\/h2>\n<h2><\/h2>\n<h2><\/h2>\n<h2><\/h2>\n<h2><\/h2>\n<h2><\/h2>\n","protected":false},"excerpt":{"rendered":"ISTRUZIONI PER LA RICHIESTA DI TRASCRIZIONE DI UNA SENTENZA DI DIVORZIO EMESSA IN UN PAESE UE \u00a0La legge di diritto internazionale privato n. 218\/1995 prevede, quale regola generale, l\u2019automatica efficacia in Italia di sentenze straniere che rispettino alcuni requisiti basilari di compatibilit\u00e0 con l\u2019ordinamento italiano. I provvedimenti stranieri devono per\u00f2 essere trascritti presso il Comune [&hellip;]","protected":false},"author":4,"featured_media":0,"parent":68,"menu_order":0,"comment_status":"closed","ping_status":"closed","template":"","meta":{"footnotes":""},"class_list":["post-1251","page","type-page","status-publish","hentry"],"_links":{"self":[{"href":"https:\/\/ambdublino.esteri.it\/it\/wp-json\/wp\/v2\/pages\/1251","targetHints":{"allow":["GET"]}}],"collection":[{"href":"https:\/\/ambdublino.esteri.it\/it\/wp-json\/wp\/v2\/pages"}],"about":[{"href":"https:\/\/ambdublino.esteri.it\/it\/wp-json\/wp\/v2\/types\/page"}],"author":[{"embeddable":true,"href":"https:\/\/ambdublino.esteri.it\/it\/wp-json\/wp\/v2\/users\/4"}],"replies":[{"embeddable":true,"href":"https:\/\/ambdublino.esteri.it\/it\/wp-json\/wp\/v2\/comments?post=1251"}],"version-history":[{"count":6,"href":"https:\/\/ambdublino.esteri.it\/it\/wp-json\/wp\/v2\/pages\/1251\/revisions"}],"predecessor-version":[{"id":4942,"href":"https:\/\/ambdublino.esteri.it\/it\/wp-json\/wp\/v2\/pages\/1251\/revisions\/4942"}],"up":[{"embeddable":true,"href":"https:\/\/ambdublino.esteri.it\/it\/wp-json\/wp\/v2\/pages\/68"}],"wp:attachment":[{"href":"https:\/\/ambdublino.esteri.it\/it\/wp-json\/wp\/v2\/media?parent=1251"}],"curies":[{"name":"wp","href":"https:\/\/api.w.org\/{rel}","templated":true}]}}