{"id":1830,"date":"2024-04-25T13:01:58","date_gmt":"2024-04-25T11:01:58","guid":{"rendered":"https:\/\/ambdublino.esteri.it\/?page_id=1830"},"modified":"2025-07-15T11:40:04","modified_gmt":"2025-07-15T09:40:04","slug":"digital-nomad-visas","status":"publish","type":"page","link":"https:\/\/ambdublino.esteri.it\/it\/servizi-consolari-e-visti\/servizi-per-il-cittadino-straniero\/visti\/digital-nomad-visas\/","title":{"rendered":"Visti per \u201cNomadi Digitali&#8221;"},"content":{"rendered":"<p><strong>Visti per \u201cNomadi Digitali\u201d <\/strong><\/p>\n<p>Il Visto per \u201cNomadi Digitali\u201d \u00e8 specificatamente destinato a <strong>lavoratori da remoto<\/strong> inclusi liberi professionisti e lavoratori con contratto di lavoro ibrido, operanti in settori digitali altamente specializzati.<\/p>\n<p>Tale tipologia di visto consente di lavorare legalmente pur risiedendo al di fuori del proprio Paese di residenza permanente. Il Visto per Nomadi Digitali \u00e8 un visto di lungo soggiorno (valido per periodi di soggiorno superiori a 90 giorni) e pu\u00f2 essere rilasciato dagli Uffici Consolari Italiani per diverse finalit\u00e0.<\/p>\n<p>All\u2019atto della presentazione della domanda di visto, i soggetti interessati dovranno dimostrare:<\/p>\n<ul>\n<li>Di essere lavoratori altamente qualificati ai sensi della legge italiana. A tale fine \u00e8 richiesta la presentazione di documenti e certificazioni appositi;<\/li>\n<li>Di disporre di un reddito minimo annuo superiore al livello minimo previsto per l\u2019esenzione dalla partecipazione alla spesa sanitaria;<\/li>\n<li>Di disporre di una assicurazione sanitaria che copra le cure mediche e ricovero ospedaliero valida per il territorio nazionale e per il periodo del soggiorno;<\/li>\n<li>Di disporre di una idonea sistemazione di alloggio in Italia;<\/li>\n<li>Di avere un\u2019esperienza pregressa di almeno sei mesi nell\u2019ambito dell\u2019attivit\u00e0 lavorativa da svolgere come \u201cnomade digitale\u201d o lavoratore da remoto.<\/li>\n<\/ul>\n<p>Si consiglia di contattare tempestivamente questo Ufficio per ulteriori chiarimenti e per verificare i requisiti necessari alla presentazione della domanda per questa tipologia di visto.<\/p>\n<p>Per maggiori informazioni e aggiornamenti, consultare il seguente link: <a href=\"https:\/\/www.esteri.it\/en\/servizi-consolari-e-visti\/ingressosoggiornoinitalia\/\">https:\/\/www.esteri.it\/en\/servizi-consolari-e-visti\/ingressosoggiornoinitalia\/<\/a><\/p>\n<p>&nbsp;<\/p>\n","protected":false},"excerpt":{"rendered":"Visti per \u201cNomadi Digitali\u201d Il Visto per \u201cNomadi Digitali\u201d \u00e8 specificatamente destinato a lavoratori da remoto inclusi liberi professionisti e lavoratori con contratto di lavoro ibrido, operanti in settori digitali altamente specializzati. Tale tipologia di visto consente di lavorare legalmente pur risiedendo al di fuori del proprio Paese di residenza permanente. Il Visto per Nomadi [&hellip;]","protected":false},"author":4,"featured_media":0,"parent":89,"menu_order":0,"comment_status":"closed","ping_status":"closed","template":"","meta":{"footnotes":""},"class_list":["post-1830","page","type-page","status-publish","hentry"],"_links":{"self":[{"href":"https:\/\/ambdublino.esteri.it\/it\/wp-json\/wp\/v2\/pages\/1830","targetHints":{"allow":["GET"]}}],"collection":[{"href":"https:\/\/ambdublino.esteri.it\/it\/wp-json\/wp\/v2\/pages"}],"about":[{"href":"https:\/\/ambdublino.esteri.it\/it\/wp-json\/wp\/v2\/types\/page"}],"author":[{"embeddable":true,"href":"https:\/\/ambdublino.esteri.it\/it\/wp-json\/wp\/v2\/users\/4"}],"replies":[{"embeddable":true,"href":"https:\/\/ambdublino.esteri.it\/it\/wp-json\/wp\/v2\/comments?post=1830"}],"version-history":[{"count":2,"href":"https:\/\/ambdublino.esteri.it\/it\/wp-json\/wp\/v2\/pages\/1830\/revisions"}],"predecessor-version":[{"id":3483,"href":"https:\/\/ambdublino.esteri.it\/it\/wp-json\/wp\/v2\/pages\/1830\/revisions\/3483"}],"up":[{"embeddable":true,"href":"https:\/\/ambdublino.esteri.it\/it\/wp-json\/wp\/v2\/pages\/89"}],"wp:attachment":[{"href":"https:\/\/ambdublino.esteri.it\/it\/wp-json\/wp\/v2\/media?parent=1830"}],"curies":[{"name":"wp","href":"https:\/\/api.w.org\/{rel}","templated":true}]}}