{"id":292,"date":"2023-04-19T15:05:05","date_gmt":"2023-04-19T13:05:05","guid":{"rendered":"https:\/\/ambdublino.esteri.it\/?page_id=292"},"modified":"2026-03-06T15:16:27","modified_gmt":"2026-03-06T14:16:27","slug":"carte-di-identita-cie","status":"publish","type":"page","link":"https:\/\/ambdublino.esteri.it\/it\/servizi-consolari-e-visti\/servizi-per-il-cittadino-italiano\/carte-di-identita-cie\/","title":{"rendered":"Carte di Identita&#8217; CIE"},"content":{"rendered":"<p>La CIE \u00e8 emessa dal Ministero dell\u2019Interno e spedita dall\u2019Italia. Non sar\u00e0 pi\u00f9 possibile richiedere il rilascio delle carte d\u2019identit\u00e0 cartacee (CIC).<\/p>\n<p data-start=\"24\" data-end=\"151\">Si informa che, <strong data-start=\"40\" data-end=\"73\">a decorrere dal 3 agosto 2026<\/strong>, la <strong data-start=\"78\" data-end=\"150\">carta di identit\u00e0 cartacea non sar\u00e0 pi\u00f9 valida ai fini dell\u2019espatrio<\/strong>.<\/p>\n<p data-start=\"153\" data-end=\"381\">I cittadini italiani <strong data-start=\"174\" data-end=\"231\">regolarmente residenti nella circoscrizione consolare<\/strong> e ancora <span style=\"text-decoration: underline;\"><strong>in possesso di una carta di identit\u00e0 cartacea<\/strong> <\/span>sono pertanto invitati a richiedere il rilascio della <strong data-start=\"341\" data-end=\"380\">Carta di Identit\u00e0 Elettronica (CIE), in sostituzione di quella cartacea.<\/strong><\/p>\n<p data-start=\"383\" data-end=\"522\">La richiesta potr\u00e0 essere presentata inviando un\u2019e-mail all\u2019indirizzo <strong data-start=\"453\" data-end=\"481\"><a class=\"decorated-link cursor-pointer\" href=\"mailto:ambdublino.cie@esteri.it\" rel=\"noopener\" data-start=\"455\" data-end=\"479\">ambdublino.cie@esteri.it<\/a><\/strong>, allegando la seguente documentazione:<\/p>\n<ul data-start=\"523\" data-end=\"645\">\n<li data-section-id=\"n4guph\" data-start=\"523\" data-end=\"583\">\n<p data-start=\"525\" data-end=\"583\"><a href=\"https:\/\/ambdublino.esteri.it\/wp-content\/uploads\/2026\/03\/SCHEDA-CIE.docx\"><strong data-start=\"525\" data-end=\"580\">scheda di richiesta debitamente compilata e firmata (CLICCA QUI)<\/strong><\/a>;<\/p>\n<\/li>\n<li data-section-id=\"j6qgf9\" data-start=\"584\" data-end=\"645\">\n<p data-start=\"586\" data-end=\"645\"><strong data-start=\"586\" data-end=\"644\">copia di un documento di identit\u00e0 in corso di validit\u00e0<\/strong>.<\/p>\n<\/li>\n<\/ul>\n<p>Si ricorda che il servizio sopra indicato \u00e8 riservato<strong> esclusivamente alla sostituzione della carta di identit\u00e0 cartacea<\/strong>. Tutte le altre richieste di appuntamento per il rilascio della Carta di Identit\u00e0 Elettronica (CIE), incluse quelle relative a nuove emissioni o al rinnovo della CIE, dovranno essere effettuate tramite <a href=\"https:\/\/prenotami.esteri.it\/\">il portale Prenot@Mi.<\/a><\/p>\n<p><strong>1) Che cos&#8217;\u00e8 la carta d&#8217;identit\u00e0 elettronica?<\/strong><br \/>\nLa carta d&#8217;identit\u00e0 \u00e8 un documento personale di riconoscimento valido per identificarsi e circolare nell\u2019Unione Europea, in alcuni Stati aderenti all&#8217;accordo di Schengen (ad es. Islanda, Norvegia e Svizzera) e in altri Stati con cui sono stati raggiunti accordi bilaterali (vedasi le singole \u201cschede Paese\u201d sul sito\u00a0<a href=\"http:\/\/www.viaggiaresicuri.it\/\">www.viaggiaresicuri.it<\/a>).<br \/>\nLa carta d\u2019identit\u00e0 elettronica (CIE) \u00e8 la nuova carta d\u2019identit\u00e0 in formato tessera plastificata; oltre a svolgere le stesse funzioni di quella cartacea, consente di accedere ai servizi online delle Pubbliche Amministrazioni italiane.<\/p>\n<p><strong>2) A chi pu\u00f2 essere rilasciata la carta d\u2019identit\u00e0 elettronica?<\/strong><br \/>\nL\u2019Ambasciata d\u2019Italia a Dublino pu\u00f2 rilasciare la carta d&#8217;identit\u00e0 esclusivamente ai cittadini italiani regolarmente residenti in questa circoscrizione consolare, gi\u00e0 registrati nello schedario consolare e i cui dati anagrafici siano gi\u00e0 presenti nel registro A.I.R.E. (Anagrafe degli Italiani Residenti all&#8217;Estero).<br \/>\nChi non \u00e8 registrato all\u2019A.I.R.E. dovr\u00e0 prima regolarizzare la propria iscrizione anagrafica tramite il portale\u00a0<a href=\"https:\/\/serviziconsolari.esteri.it\/home\">FAST IT<\/a>\u00a0ed attendere, prima di poter far domanda, di essere inserito in tale registro da parte del Comune italiano competente (per i cittadini non iscritti all\u2019A.I.R.E., la competenza al rilascio della carta d\u2019identit\u00e0 rimane al Comune italiano di residenza ufficiale).<br \/>\nNel caso si sia cambiato indirizzo di residenza (rispetto a quello comunicato in precedenza all\u2019Ufficio consolare), \u00e8 necessario chiedere la variazione di indirizzo tramite il portale\u00a0<a href=\"https:\/\/serviziconsolari.esteri.it\/home\">FAST IT<\/a>\u00a0prima di procedere alla prenotazione.<br \/>\nAi fini della registrazione nella banca dati A.I.R.E. \u00e8 indispensabile, per i cittadini italiani nati all\u2019estero, che l\u2019atto di nascita risulti gi\u00e0 trascritto nei registri di Stato Civile del Comune di riferimento.<\/p>\n<p><strong>3) Quando si pu\u00f2 richiedere?<\/strong><\/p>\n<p>La CIE viene rilasciata:<br \/>\n&#8211; a chi non sia in possesso di un\u2019altra carta d\u2019identit\u00e0 valida;<br \/>\n&#8211; a chi abbia una carta d\u2019identit\u00e0 con validit\u00e0 residua inferiore a 6 mesi salvo il caso in cui il cittadino sia in possesso di una carta di identit\u00e0 cartacea (CIC) \u00a0o CIE di vecchia generazione (versione 2007) ancora in corso di validit\u00e0 (e quindi prima dei 180 giorni anteriori alla scadenza) ai sensi dell\u2019articolo 36, comma 7, del DPR 445\/2000, come modificato dall&#8217;art. 24 comma 3 del D L n. 76\/2020.<br \/>\n&#8211; in caso di furto, smarrimento o deterioramento della carta precedente (in questi casi si paga la tariffa DUPLICATO).<\/p>\n<p>Questo Ufficio canceller\u00e0 d\u2019ufficio eventuali appuntamenti che non rispettino tali requisiti.<\/p>\n<p><strong>4) Come si richiede la carta d\u2019identit\u00e0 elettronica (CIE)?<\/strong><br \/>\nLa richiesta della carta d\u2019identit\u00e0 elettronica deve essere presentata utilizzando esclusivamente la piattaforma<a href=\"https:\/\/prenotaonline.esteri.it\/Login.aspx?ReturnUrl=%2fdefault.aspx&amp;cidsede=100141\">\u00a0<\/a>Prenot@mi<a href=\"https:\/\/prenotami.esteri.it\/\">\u00a0(CLICCA QUI)<\/a><\/p>\n<p><em><strong>IMPORTANTE:<\/strong><\/em><\/p>\n<p><em><strong>A partire dal 10\u00b0 e fino al 3\u00b0 giorno dalla data dell\u2019appuntamento il cittadino dovr\u00e0 obbligatoriamente confermare la prenotazione richiesta. In mancanza di conferma, il Sistema cancella automaticamente l\u2019appuntamento.<\/strong><\/em><\/p>\n<p>Nel caso in cui, a seguito di verifiche, emergessero elementi che impedissero la lavorazione della richiesta di rilascio della CIE, l\u2019appuntamento sar\u00e0 automaticamente cancellato (non vi sar\u00e0 possibilit\u00e0 di correzione degli errori), il connazionale sar\u00e0 informato sulle motivazioni del rigetto e dovr\u00e0 prendere un nuovo appuntamento (attenzione quindi ai requisiti richiesti nel formulario).<\/p>\n<p><strong>5) \u00c8 possibile chiedere l\u2019appuntamento per i miei figli minori?<\/strong><br \/>\nS\u00ec. In fase di prenotazione dell\u2019appuntamento bisogner\u00e0 compilare il campo &#8220;NOTE&#8221; con i dettagli dei figli minori. Sar\u00e0 possibile con un\u2019unica richiesta prenotare un appuntamento fino a un massimo di 2 persone.<\/p>\n<p><strong>6) \u00c8 possibile chiedere l\u2019appuntamento per conto del coniuge?<\/strong><br \/>\nNo. Il coniuge dovr\u00e0 prenotarsi l\u2019appuntamento autonomamente.<\/p>\n<p><strong>7) Qual \u00e8 la documentazione necessaria da portare con s\u00e9 al momento dell\u2019appuntamento per richiedere la CIE?<\/strong><br \/>\nNormalmente il richiedente deve presentarsi munito di:<br \/>\n1. Una fototessera a norma biometrica (recente, frontale, a sfondo bianco, a colori formato 35 x 45 mm);<br \/>\n2. Carta di identit\u00e0 precedente, anche se scaduta. In caso di prima emissione, portare un documento di riconoscimento (anche se scaduto) o due testimoni;<br \/>\n3. In caso di smarrimento\/furto della precedente carta, portare denuncia scritta rilasciata dalla polizia locale;<br \/>\n4. Atto di assenso di entrambi genitori nel caso in cui il richiedente sia un minore di 18 anni (v. punto 11);<br \/>\n5. Euro 21,95 per il rilascio oppure euro 27,11 per il duplicato (pagabili con carta di debito).<\/p>\n<p><strong>8) Quali sono le operazioni che saranno effettuate il giorno dell\u2019appuntamento?<\/strong><br \/>\nIl giorno dell\u2019appuntamento, l\u2019operatore consolare acquisisce la documentazione indicata al punto precedente, effettua il riconoscimento e la verifica della foto ed acquisisce le impronte digitali e la firma (salvo per i minori di anni 12).<br \/>\nAnche i minori di et\u00e0 inferiore ai 12 anni devono essere presenti, perch\u00e9 \u00e8 necessaria la loro identificazione da parte del funzionario dell&#8217;ufficio.<\/p>\n<p><strong>9) Come si riceve la Carta d\u2019identit\u00e0 elettronica?<\/strong><br \/>\nLa CIE \u00e8 emessa dal Ministero dell\u2019Interno e prodotta dall\u2019Istituto Poligrafico e Zecca dello Stato, che la spedisce, a mezzo posta raccomandata, all\u2019indirizzo di residenza dichiarato dal richiedente. Il connazionale potr\u00e0 seguire la spedizione autonomamente online, attraverso il codice di tracciamento. In caso di mancata consegna, scaduto il termine di giacenza presso l\u2019ufficio postale il plico viene restituito all\u2019Ufficio consolare.<\/p>\n<p><strong>10) Quanto tempo vale la carta d\u2019identit\u00e0?<\/strong><br \/>\nLa validit\u00e0 della carta d\u2019identit\u00e0 varia a seconda dell&#8217;et\u00e0 del titolare ed \u00e8 di:<br \/>\n\u2022 3 anni per i minori di et\u00e0 compresa tra 0 e 3 anni;<br \/>\n\u2022 5 anni per i minori di et\u00e0 compresa tra 3 e 18 anni;<br \/>\n\u2022 10 anni per persone di et\u00e0 superiore ai 18 anni.<\/p>\n<p><strong>11) Cos\u2019\u00e8 l\u2019atto di assenso?<\/strong><\/p>\n<p>In caso di richiesta per un minore,\u00a0<a href=\"https:\/\/ambdublino.esteri.it\/wp-content\/uploads\/2023\/04\/cie2.docx\">l\u2019atto di assenso\u00a0CIE2\u00a0<\/a> dovr\u00e0 essere compilato e firmato da entrambi i genitori.<br \/>\nL\u2019assenso \u00e8 necessario anche in caso di genitori non sposati, separati o divorziati.<br \/>\n\u2022 Se uno dei genitori \u00e8 cittadino extra UE (incluso cittadini Britannici) il modulo di richiesta va firmato alla presenza del funzionario dell\u2019Ambasciata, di un Pubblico Ufficiale in Italia o un pubblico ufficiale irlandese. Se il genitore si trova in un Paese diverso da Italia e Irlanda, dovr\u00e0 firmare il modulo presso un ufficio consolare italiano nel Paese in cui si trova.<br \/>\n\u2022 Nel caso in cui non sia possibile ottenere l\u2019assenso da parte dell\u2019altro genitore, sar\u00e0 necessario ottenere un decreto del Giudice tutelare\u00a0<a href=\"https:\/\/ambdublino.esteri.it\/wp-content\/uploads\/2023\/04\/modulo_istanza_giudice_tutelare_2021_bilingual_1.docx\">(CLICCA QUI)\u00a0<\/a>. Il Capo della Cancelleria Consolare esercita le funzioni di Giudice tutelare per i residenti\/iscritti nella circoscrizione di Dublino. Se invece il minore \u00e8 residente in Italia, la competenza sar\u00e0 affidata al Tribunale dei Minori dove si ha la residenza.<br \/>\n\u2022 In caso di decesso di uno dei genitori, dovr\u00e0 essere presentata una copia del certificato di morte.<\/p>\n<p><strong>12) Devo chiedere una nuova carta se cambio indirizzo?<\/strong><br \/>\nNo. La carta d\u2019identit\u00e0 \u00e8 un documento di identit\u00e0 e non di residenza. Non \u00e8 pertanto possibile\/necessario aggiornare l\u2019indirizzo su una carta valida.<\/p>\n<p><strong>13) \u00c8 possibile per le donne sposate inserire il cognome del marito?<\/strong><br \/>\nNo. La carta d\u2019identit\u00e0 \u00e8 un documento di identit\u00e0 e non di stato civile.<br \/>\nNon \u00e8 pertanto possibile\/necessario inserire lo stato civile o il cognome di eventuali coniugi.<\/p>\n<p><strong>14) A partire da quando \u00e8 possibile richiedere la carta d\u2019identit\u00e0 elettronica (CIE)?<\/strong><br \/>\nSi pu\u00f2 fare richiesta di appuntamento per il rilascio della carta d\u2019identit\u00e0 elettronica a partire da gennaio 2021.<\/p>\n","protected":false},"excerpt":{"rendered":"La CIE \u00e8 emessa dal Ministero dell\u2019Interno e spedita dall\u2019Italia. Non sar\u00e0 pi\u00f9 possibile richiedere il rilascio delle carte d\u2019identit\u00e0 cartacee (CIC). Si informa che, a decorrere dal 3 agosto 2026, la carta di identit\u00e0 cartacea non sar\u00e0 pi\u00f9 valida ai fini dell\u2019espatrio. I cittadini italiani regolarmente residenti nella circoscrizione consolare e ancora in possesso [&hellip;]","protected":false},"author":4,"featured_media":0,"parent":47,"menu_order":-5,"comment_status":"closed","ping_status":"closed","template":"","meta":{"footnotes":""},"class_list":["post-292","page","type-page","status-publish","hentry"],"_links":{"self":[{"href":"https:\/\/ambdublino.esteri.it\/it\/wp-json\/wp\/v2\/pages\/292","targetHints":{"allow":["GET"]}}],"collection":[{"href":"https:\/\/ambdublino.esteri.it\/it\/wp-json\/wp\/v2\/pages"}],"about":[{"href":"https:\/\/ambdublino.esteri.it\/it\/wp-json\/wp\/v2\/types\/page"}],"author":[{"embeddable":true,"href":"https:\/\/ambdublino.esteri.it\/it\/wp-json\/wp\/v2\/users\/4"}],"replies":[{"embeddable":true,"href":"https:\/\/ambdublino.esteri.it\/it\/wp-json\/wp\/v2\/comments?post=292"}],"version-history":[{"count":7,"href":"https:\/\/ambdublino.esteri.it\/it\/wp-json\/wp\/v2\/pages\/292\/revisions"}],"predecessor-version":[{"id":5395,"href":"https:\/\/ambdublino.esteri.it\/it\/wp-json\/wp\/v2\/pages\/292\/revisions\/5395"}],"up":[{"embeddable":true,"href":"https:\/\/ambdublino.esteri.it\/it\/wp-json\/wp\/v2\/pages\/47"}],"wp:attachment":[{"href":"https:\/\/ambdublino.esteri.it\/it\/wp-json\/wp\/v2\/media?parent=292"}],"curies":[{"name":"wp","href":"https:\/\/api.w.org\/{rel}","templated":true}]}}