{"id":44,"date":"2023-04-11T18:10:45","date_gmt":"2023-04-11T16:10:45","guid":{"rendered":"https:\/\/ambasciatapraga.esteri.it\/?page_id=44"},"modified":"2025-09-19T16:03:37","modified_gmt":"2025-09-19T14:03:37","slug":"diplomazia-culturale","status":"publish","type":"page","link":"https:\/\/ambdublino.esteri.it\/it\/italia-e-irlanda\/diplomazia-culturale\/","title":{"rendered":"Diplomazia culturale"},"content":{"rendered":"<p>L&#8217;Ufficio Consolare fornisce informazioni e consulenza per l&#8217;iscrizione a Scuole e Universit\u00e0 in Italia e rilascia le necessarie dichiarazioni di valore per i titoli conseguiti presso Scuole e Universit\u00e0 della circoscrizione consolare perch\u00e8 gli interessati possano ottenere l\u2019equipollenza dei titoli di studio primari e secondari con analoghi titoli italiani, l\u2019iscrizione a scuole ed Universit\u00e0 italiane, il riconoscimento in Italia degli studi universitari e l\u2019assegnazione di borse di studio.<\/p>\n<p class=\"x_MsoNormal\">Il programma esecutivo dell\u2019Accordo Culturale tra la Repubblica Italiana e l\u2019Irlanda (firmato nel 1984) ha come obiettivo quello di favorire una serie di iniziative comuni nei settori dell\u2019istruzione, della cultura e della scienza. Tali iniziative e interventi si inseriscono anche nell\u2019ottica dei numerosi programmi comunitari (Socrates\/Erasmus, Leonardo, ecc.) che facilitano gli scambi e le informazioni di esperienze tra i due Paesi nel campo educativo e in quello scientifico.<\/p>\n<p class=\"x_MsoNormal\">Sul fronte della scuola esistono una serie di iniziative tra le autorit\u00e0 scolastiche per migliorare la conoscenza reciproca dei rispettivi ordinamenti, programmi e metodi didattici, tra cui un programma di scambi tra esperti del settore, allo scopo di studiare il sistema educativo dell\u2019altro paese. Inoltre, le due parti promuoveranno scambi di classi e di insegnanti per favorire i contatti diretti fra le istituzioni scolastiche.<\/p>\n<p class=\"x_MsoNormal\">In lrlanda sono presenti Dipartimenti d\u2019Italiano in quattro universit\u00e0: <a href=\"https:\/\/www.tcd.ie\/Italian\/\">Universit\u00e0 di Dublino Trinity College<\/a> (fondato nel 1776 \u00e8 il pi\u00f9 antico Dipartimento di italianistica del mondo anglosassone), <a href=\"https:\/\/www.ucd.ie\/slcl\/disciplines\/italian\/\">University College di Dublino<\/a>, <a href=\"https:\/\/www.ucc.ie\/en\/italian\/\">University College di Cork<\/a> e <a href=\"https:\/\/www.universityofgalway.ie\/italian\/\">National University of Ireland a Galway<\/a>, che prevedono percorsi di studio dedicati alla lingua italiana nell\u2019ambito di corsi di laurea specialistici. Tra le risorse comunitarie utilizzate per la diffusione della lingua, vi sono quelle dei programmi Socrates e Leonardo. Inoltre, l\u2019Italia eroga contributi a favore delle Universit\u00e0 Irlandesi in cui viene insegnata la lingua italiana.<\/p>\n<p class=\"x_MsoNormal\">Dopo un lieve declino dovuto alla crisi economica, il numero degli studenti che frequentano i corsi di lingua italiana organizzati dall\u2019Istituto Italiano di Cultura di Dublino \u00e8 cresciuto con regolarit\u00e0 negli ultimi anni.<\/p>\n<p class=\"x_MsoNormal\">Per quanto riguarda le attivit\u00e0 culturali, l\u2019Accordo favorisce la collaborazione tra una serie di istituzioni irlandesi e italiane (tra cui l\u2019Accademia Nazionale dei Lincei, l\u2019Accademia Nazionale di San Luca, il Consiglio Nazionale delle Ricerche, l\u2019Istituto dell\u2019Enciclopedia Italiana, la Fondazione Giorgio Cini di Venezia, la Fondazione Giovanni Agnelli di Torino, in Italia e il National Museum of Ireland, la National Gallery of Ireland ed altre in Irlanda) per l\u2019organizzazione e la promozione di seminari, conferenze, presentazioni di libri, mostre, concerti, teatro e cinema e per sostenere pubblicazioni di comune interesse.<\/p>\n","protected":false},"excerpt":{"rendered":"L&#8217;Ufficio Consolare fornisce informazioni e consulenza per l&#8217;iscrizione a Scuole e Universit\u00e0 in Italia e rilascia le necessarie dichiarazioni di valore per i titoli conseguiti presso Scuole e Universit\u00e0 della circoscrizione consolare perch\u00e8 gli interessati possano ottenere l\u2019equipollenza dei titoli di studio primari e secondari con analoghi titoli italiani, l\u2019iscrizione a scuole ed Universit\u00e0 italiane, [&hellip;]","protected":false},"author":1,"featured_media":0,"parent":14,"menu_order":2,"comment_status":"closed","ping_status":"closed","template":"","meta":{"footnotes":""},"class_list":["post-44","page","type-page","status-publish","hentry"],"_links":{"self":[{"href":"https:\/\/ambdublino.esteri.it\/it\/wp-json\/wp\/v2\/pages\/44","targetHints":{"allow":["GET"]}}],"collection":[{"href":"https:\/\/ambdublino.esteri.it\/it\/wp-json\/wp\/v2\/pages"}],"about":[{"href":"https:\/\/ambdublino.esteri.it\/it\/wp-json\/wp\/v2\/types\/page"}],"author":[{"embeddable":true,"href":"https:\/\/ambdublino.esteri.it\/it\/wp-json\/wp\/v2\/users\/1"}],"replies":[{"embeddable":true,"href":"https:\/\/ambdublino.esteri.it\/it\/wp-json\/wp\/v2\/comments?post=44"}],"version-history":[{"count":4,"href":"https:\/\/ambdublino.esteri.it\/it\/wp-json\/wp\/v2\/pages\/44\/revisions"}],"predecessor-version":[{"id":3925,"href":"https:\/\/ambdublino.esteri.it\/it\/wp-json\/wp\/v2\/pages\/44\/revisions\/3925"}],"up":[{"embeddable":true,"href":"https:\/\/ambdublino.esteri.it\/it\/wp-json\/wp\/v2\/pages\/14"}],"wp:attachment":[{"href":"https:\/\/ambdublino.esteri.it\/it\/wp-json\/wp\/v2\/media?parent=44"}],"curies":[{"name":"wp","href":"https:\/\/api.w.org\/{rel}","templated":true}]}}