{"id":49,"date":"2023-04-11T18:13:11","date_gmt":"2023-04-11T16:13:11","guid":{"rendered":"https:\/\/ambasciatapraga.esteri.it\/?page_id=49"},"modified":"2026-02-26T15:21:28","modified_gmt":"2026-02-26T14:21:28","slug":"passaporti-e-carte-didentita","status":"publish","type":"page","link":"https:\/\/ambdublino.esteri.it\/it\/servizi-consolari-e-visti\/servizi-per-il-cittadino-italiano\/passaporti-e-carte-didentita\/","title":{"rendered":"Passaporti"},"content":{"rendered":"<p><strong>Passaporti<\/strong><\/p>\n<p><strong>INFORMAZIONI GENERALI<\/strong><\/p>\n<p>L\u2019Ambasciata d\u2019Italia a Dublino \u00e8 competente per il rilascio di passaporti a cittadini italiani residenti in Irlanda e regolarmente iscritti all\u2019A.I.R.E.<\/p>\n<p>I residenti non ancora iscritti possono presentare domanda di passaporto SOLO dopo aver caricato la propria richiesta di iscrizione AIRE on-line (comprensiva di completa ed adeguata documentazione) attraverso il portale <a href=\"https:\/\/serviziconsolari.esteri.it\/home\">FAST.IT\u00a0[clicca qui]<\/a><\/p>\n<p>Al fine di evitare ritardi nell\u2019emissione del passaporto, \u00e8 opportuno che il richiedente abbia una situazione di stato civile aggiornata. Si consiglia pertanto di assicurarsi che gli atti relativi ad eventi di stato civile non avvenuti in Italia (matrimonio, divorzio, nascita, etc.) siano stati precedentemente presentati all\u2019ufficio consolare o al comune italiano di competenza.<\/p>\n<p><strong>PRESENTAZIONE DELLA DOMANDA DI PASSAPORTO<\/strong><\/p>\n<p>L\u2019Ufficio Passaporti riceve esclusivamente su appuntamento da prenotare sul portale\u00a0<a href=\"https:\/\/prenotami.esteri.it\/\">Prenot@Mi<\/a>.<\/p>\n<p>A causa dell\u2019elevato numero di richieste si invitano gli interessati a presentare la domanda con congruo anticipo.<\/p>\n<p><strong>PROCEDURE PER IL RILASCIO DEL PASSAPORTO DI URGENZA<\/strong><\/p>\n<p>Esclusivamente in casi di comprovata e documentata urgenza, il passaporto pu\u00f2 essere rilasciato in assenza di prenotazione sul portale dedicato <a href=\"https:\/\/prenotami.esteri.it\/\">Prenot@Mi<\/a>.<\/p>\n<p>L\u2019interessato pu\u00f2 richiedere un appuntamento di emergenza all\u2019indirizzo email dublino.passaporti@esteri.it , anticipando la documentazione necessaria comprovante l\u2019urgenza.<\/p>\n<p>L\u2019urgenza deve essere giustificata da:<\/p>\n<ul type=\"disc\">\n<li class=\"x_MsoListParagraph\"><strong>la data di scadenza del passaporto \u00e8 inferiore ai sei mesi<\/strong><\/li>\n<\/ul>\n<ul>\n<li>gravi motivi familiari o di salute, certificati da strutture o autorit\u00e0 competenti pubbliche o private. Qualora l\u2019urgenza sia giustificata dalla necessit\u00e0 di assistere il famigliare, dal certificato dovr\u00e0 emergere tale esigenza. Tali documenti dovranno essere redatti o tradotti in lingua italiana o inglese. Inoltre il richiedente dovr\u00e0 presentare allo sportello la prenotazione del volo o altro titolo di viaggio;<\/li>\n<li>improrogabili necessit\u00e0 di lavoro, comprovate da una richiesta motivata e firmata da chi ricopre incarichi dirigenziali (completa di nominativo, ruolo e numero di telefono di chi firma) e redatta su carta intestata del datore di lavoro. Inoltre, il richiedente dovr\u00e0 presentare allo sportello la prenotazione del volo o altro titolo di viaggio.<\/li>\n<\/ul>\n<p>Si ricorda che i benefici della procedura d\u2019urgenza per motivi di lavoro e salute NON potranno in alcun modo essere estesi anche ai familiari del titolare.<\/p>\n<p>Si avvisa che NON saranno ritenute valide le seguenti prove d\u2019urgenza\/emergenza:<\/p>\n<ul>\n<li>Certificati medici dai quali non si evinca chiaramente la presenza di una condizione medica di un diretto familiare;<\/li>\n<li>I soli biglietti aerei o lettere di parenti, conoscenti, ecc.;<\/li>\n<li>Dimostrazione di impegni lavorativi urgenti comprovati da messaggi ricevuti via e-mail;<\/li>\n<li>Autocertificazioni del richiedente su situazioni di urgenza\/emergenza non comprovate da adeguata documentazione in supporto;<\/li>\n<li>Le gite scolastiche.<\/li>\n<\/ul>\n<p>Tale richiesta non pu\u00f2 essere fatta tramite il centralino, ma esclusivamente via e-mail. L\u2019e-mail deve essere indirizzata all\u2019attenzione del Capo della Cancelleria Consolare.<\/p>\n<p><strong>TARIFFE DEL PASSAPORTO<\/strong><\/p>\n<p>La tariffa unica del passaporto \u00e8 di 116,20 \u20ac effettuato con Debit Card direttamente presso gli uffici mediante impiego POS senza costi aggiuntivi a carico dell\u2019utenza. Il pagamento allo sportello tramite contanti sar\u00e0 consentito solo in casi eccezionali.<\/p>\n<p><strong>DOCUMENTAZIONE DA PRESENTARE<\/strong><\/p>\n<ol>\n<li>Una fototessera recente a colori \u2013 sfondo bianco \u2013 standard ICAO 9303\/ISO 19794-5 \u2013 45mm x 35mm.<\/li>\n<li>Passaporto italiano precedente, anche se scaduto, o altro documento d\u2019identit\u00e0 ammesso per il riconoscimento del richiedente (Carta d\u2019Identit\u00e0 italiana, patente di guida europea, altro passaporto non italiano).<\/li>\n<\/ol>\n<p>AVVISO: In caso di furto\/smarrimento del passaporto in corso di validit\u00e0, \u00e8 necessario presentarsi muniti di denuncia rilasciata dall\u2019ufficio di polizia competente.<\/p>\n<p><strong>PASSAPORTO PER ADULTO CON FIGLI MINORI<\/strong><\/p>\n<p>Si informano i connazionali, genitori di figli minori, che a partire dal 14 giugno 2023 non sar\u00e0 pi\u00f9 necessario presentare l\u2019atto di assenso dell\u2019altro genitore ai fini del rilascio del proprio documento d\u2019identit\u00e0 (passaporto e CIE), ai sensi del D.L. 69\/2023.<\/p>\n<p>Nello specifico il novellato articolo 3-bis della L. 1185\/1967 indica che,\u00a0quando vi \u00e8 concreto e attuale\u00a0pericolo\u00a0che a causa del trasferimento\u00a0all\u2019estero questo possa\u00a0sottrarsi\u00a0all\u2019adempimento\u00a0dei suoi obblighi verso i figli,\u00a0sar\u00e0 possibile per l\u2019altro genitore richiedere una inibitoria al rilascio del documento.<\/p>\n<p>L\u2019istanza potr\u00e0 essere presentata presso il giudice competente presso il Tribunale ordinario in cui il minore ha la residenza abituale ovvero, se il minore \u00e8 residente all\u2019estero, il Tribunale nel cui circondario si trova il suo Comune di iscrizione AIRE.<\/p>\n<p><strong>PASSAPORTO PER MINORI DI ETA\u2019<\/strong><\/p>\n<p>Per poter rilasciare il passaporto ad un minore \u00e8 condizione imprescindibile che il relativo atto di nascita sia stato registrato in Italia, oppure che la documentazione relativa all\u2019atto di nascita sia gi\u00e0 stata inviata dall\u2019Ufficio consolare al Comune competente in Italia per la trascrizione dell\u2019atto.<\/p>\n<p>DOCUMENTAZIONE DA PRESENTARE<\/p>\n<p>Una fototessera recente a colori \u2013 sfondo bianco \u2013 standard ICAO 9303\/ISO 19794-5 \u2013 45mm x 35mm. Modulo compilato e firmato da entrambi i genitori<a href=\"https:\/\/ambdublino.esteri.it\/wp-content\/uploads\/2023\/04\/modulo_dub-p.3_-_richiesta_nuovo_passaporto_minori.pdf\">\u00a0[clicca qui]<\/a>\u00a0Fotocopia dei documenti d\u2019identit\u00e0 di entrambi i genitori.<\/p>\n<p>AVVISO: se uno dei genitori \u00e8 cittadino comunitario ed \u00e8 impossibilitato a presentarsi,\u00a0il genitore presente dovr\u00e0 presentare il suddetto modulo in originale con firma autografa allegando una copia del documento d\u2019identit\u00e0 dell\u2019altro genitore da cui si evinca la firma.<\/p>\n<p>Se uno dei genitori non \u00e8 cittadino UE la firma deve essere autenticata presso questo ufficio consolare o, presso altra circoscrizione consolare di residenza\/Questura italiana competente per territorio in caso di residenza in Italia, o presso pubblico ufficiale irlandese.<\/p>\n<p><strong>Provvedimento del Giudice Tutelare<\/strong><\/p>\n<p>Se un genitore si rifiuta di firmare l\u2019atto di assenso, il richiedente pu\u00f2 avviare la procedura di autorizzazione da parte del Giudice Tutelare che pu\u00f3 autorizzare eccezionalmente il rilascio del passaporto o della carta d\u2019identit\u00e0. Questo procedimento deve essere richiesto tramite una domanda scritta dell\u2019interessato\u00a0<a href=\"https:\/\/ambdublino.esteri.it\/wp-content\/uploads\/2023\/04\/modello_istanza_gt.docx\">[clicca qui]<\/a>\u00a0indicando i motivi del mancato assenso e le ragioni per cui il rifiuto viene ritenuto pretestuoso o ingiustificato. La domanda deve contenere informazioni dettagliate circa gli obblighi imposti alla patria potest\u00e0 e all\u2019affidamento del minore; per la valutazione della richiesta verranno presi in considerazione sia gli aspetti sociali, sia quelli psicologici, con speciale enfasi circa l\u2019educazione e la copertura sanitaria per il bambino. La richiesta deve indicare inoltre l\u2019ultimo indirizzo e numero(i) di telefono del genitore non consenziente, in modo da permettere un contatto diretto e il luogo di residenza del minore.<br \/>\nIl Giudice Tutelare compiuti eventuali e ulteriori accertamenti, se verifica che effettivamente le ragioni del dissenso dell\u2019altro genitore sono ingiustificate, con apposito provvedimento motivato, pu\u00f2 autorizzare il rilascio del documento d\u2019identit\u00e0.<\/p>\n<p>Questa procedura \u00e8 di natura eccezionale e di volontaria giurisdizione; quindi, pu\u00f2 essere utilizzata solo in caso di assoluta impossibilit\u00e0 ad ottenere l\u2019atto di assenso previsto dalla legge.<\/p>\n<p>&nbsp;<\/p>\n<p><strong>VIAGGIO MINORI DI 14 ANNI \u2013 DICHIARAZIONE DI ACCOMPAGNAMENTO<\/strong><\/p>\n<p>Il minore di 14 anni pu\u00f2 viaggiare con il proprio passaporto esclusivamente accompagnato da almeno un genitore o con chi ne fa le veci. Qualora entrambi i genitori siano impossibilitati a viaggiare con il minore, esso pu\u00f2 essere accompagnato da altra persona maggiorenne, richiedendo una dichiarazione di accompagnamento.<br \/>\nLa dichiarazione di accompagnamento \u00e8 applicabile ai soli minori italiani e solo quando viaggino fuori dei confini nazionali (ovvero, in caso di residenza all\u2019estero, fuori dei confini del Paese di residenza) con persona diversa dall\u2019esercente la responsabilit\u00e0 genitoriale o tutoria. Non \u00e8 quindi necessaria se si viaggia con gli esercenti la responsabilit\u00e0 genitoriale (madre o padre) o tutoria.<\/p>\n<p>La dichiarazione di accompagnamento va richiesta dai genitori del minore anche quando esso viaggia affidato ad una societ\u00e0 di trasporto (es. compagnia aerea o di navigazione).<\/p>\n<p>Prima di acquistare il biglietto della compagnia di trasporto, occorre comunque verificare che la stessa accetti che il minore di 14 anni viaggi a loro affidato.<\/p>\n<p>Alla dichiarazione di accompagnamento va allegata una fotocopia del documento dei genitori (o di chi ne fa le veci), dell\u2019accompagnatore e del minore.<\/p>\n<p>La validit\u00e0 della dichiarazione \u00e8 circoscritta ad un viaggio (da intendersi come andata e\/o ritorno) fuori dal Paese di residenza del minore di 14 anni con destinazione determinata.<br \/>\nIl termine massimo di validit\u00e0 della dichiarazione \u2013 entro cui devono essere ricomprese la data di partenza e la data di rientro \u2013 \u00e8 di 6 mesi, salva la possibilit\u00e0 per l\u2019ufficio competente di accordare un periodo pi\u00f9 ampio in caso di motivata richiesta (es. affidamento del minore a istituto di cura o di formazione).<\/p>\n<p>La validit\u00e0 della dichiarazione non pu\u00f2 comunque oltrepassare la data di scadenza del passaporto del minore.<\/p>\n<p>Il minore che abbia gi\u00e0 compiuto 14 anni di et\u00e0 pu\u00f2 viaggiare non accompagnato secondo quanto disposto dalla normativa vigente in materia di passaporti e titoli di identit\u00e0\/viaggio equipollenti (L. n. 1185\/1967).<\/p>\n<p>AVVISO: La firma del genitore o tutore cittadino di un Paese non aderente alla UE dovr\u00e0 essere autenticata presso l\u2019Ufficio Passaporti di questa Ambasciata o da pubblico ufficiale irlandese.<\/p>\n<p>L\u2019Ufficio competente al rilascio del passaporto pu\u00f2 comunque richiedere su propria valutazione, nell\u2019interesse del minore, la presenza degli interessati.<\/p>\n<p>Documentazione da presentare:<br \/>\n1.\u00a0<a href=\"https:\/\/ambdublino.esteri.it\/wp-content\/uploads\/2023\/04\/dub-p.4_-_dichiarazione_di_accompagnamento_per_minori.pdf\">Dichiarazione di accompagnamento\u00a0[clicca qui]<\/a>.<\/p>\n<ol start=\"2\">\n<li>Copia dei documenti d\u2019identit\u00e0 dei genitori (o degli esercenti la responsabilit\u00e0 genitoriale o tutoria).<\/li>\n<li>Copia del documento d\u2019identit\u00e0 dell\u2019accompagnatore.<\/li>\n<li>Copia del titolo di viaggio se presente.<\/li>\n<\/ol>\n<p>La richiesta della dichiarazione deve essere presentata, allegando la documentazione sopra indicata per posta ordinaria al seguente indirizzo: Ambasciata d\u2019Italia a Dublino, Cancelleria Consolare, 63-65 Northumberland Road, Dublin 4<\/p>\n<p>Oppure<strong>\u00a0<\/strong>all\u2019indirizzo:\u00a0<a href=\"mailto:dublino.passaporti@esteri.it\"><strong>dublino.passaporti@esteri.it<\/strong><\/a><\/p>\n<p>&nbsp;<\/p>\n<p><strong>IMPORTANTE<\/strong><\/p>\n<p>Si raccomanda di presentare la richiesta con congruo anticipo rispetto alla data di partenza del minore.<\/p>\n<p>La dichiarazione di accompagnamento pu\u00f2 essere ritirata da un genitore o da chi ne fa le veci presso l\u2019Ufficio Passaporti di questa Ambasciata durante gli orari di apertura al pubblico.<\/p>\n<p>&nbsp;<\/p>\n<p><strong>\u00a0<\/strong><\/p>\n<p><strong>\u00a0<\/strong><\/p>\n<p><strong>\u00a0<\/strong><\/p>\n<p class=\"x_MsoNormal\">\n","protected":false},"excerpt":{"rendered":"Passaporti INFORMAZIONI GENERALI L\u2019Ambasciata d\u2019Italia a Dublino \u00e8 competente per il rilascio di passaporti a cittadini italiani residenti in Irlanda e regolarmente iscritti all\u2019A.I.R.E. I residenti non ancora iscritti possono presentare domanda di passaporto SOLO dopo aver caricato la propria richiesta di iscrizione AIRE on-line (comprensiva di completa ed adeguata documentazione) attraverso il portale FAST.IT\u00a0[clicca [&hellip;]","protected":false},"author":1,"featured_media":0,"parent":47,"menu_order":0,"comment_status":"closed","ping_status":"closed","template":"","meta":{"footnotes":""},"class_list":["post-49","page","type-page","status-publish","hentry"],"_links":{"self":[{"href":"https:\/\/ambdublino.esteri.it\/it\/wp-json\/wp\/v2\/pages\/49","targetHints":{"allow":["GET"]}}],"collection":[{"href":"https:\/\/ambdublino.esteri.it\/it\/wp-json\/wp\/v2\/pages"}],"about":[{"href":"https:\/\/ambdublino.esteri.it\/it\/wp-json\/wp\/v2\/types\/page"}],"author":[{"embeddable":true,"href":"https:\/\/ambdublino.esteri.it\/it\/wp-json\/wp\/v2\/users\/1"}],"replies":[{"embeddable":true,"href":"https:\/\/ambdublino.esteri.it\/it\/wp-json\/wp\/v2\/comments?post=49"}],"version-history":[{"count":7,"href":"https:\/\/ambdublino.esteri.it\/it\/wp-json\/wp\/v2\/pages\/49\/revisions"}],"predecessor-version":[{"id":5345,"href":"https:\/\/ambdublino.esteri.it\/it\/wp-json\/wp\/v2\/pages\/49\/revisions\/5345"}],"up":[{"embeddable":true,"href":"https:\/\/ambdublino.esteri.it\/it\/wp-json\/wp\/v2\/pages\/47"}],"wp:attachment":[{"href":"https:\/\/ambdublino.esteri.it\/it\/wp-json\/wp\/v2\/media?parent=49"}],"curies":[{"name":"wp","href":"https:\/\/api.w.org\/{rel}","templated":true}]}}