{"id":639,"date":"2023-05-09T12:51:26","date_gmt":"2023-05-09T10:51:26","guid":{"rendered":"https:\/\/ambdublino.esteri.it\/?page_id=639"},"modified":"2023-05-09T12:51:49","modified_gmt":"2023-05-09T10:51:49","slug":"lautocertificazione","status":"publish","type":"page","link":"https:\/\/ambdublino.esteri.it\/it\/servizi-consolari-e-visti\/servizi-per-il-cittadino-italiano\/lautocertificazione\/","title":{"rendered":"L&#8217;Autocertificazione"},"content":{"rendered":"<p><strong>L\u2019AUTOCERTIFICAZIONE<\/strong><\/p>\n<p>\u00c8 una dichiarazione che l\u2019interessato redige e sottoscrive nel proprio interesse su stati, fatti e qualit\u00e0 personali e che utilizza nei rapporti con la P.A. e con i gestori di pubblici servizi. Nel rapporto con un soggetto privato il ricorso all\u2019autocertificazione \u00e8 rimesso alla discrezionalit\u00e0 di quest\u2019ultimo. Non possono invece essere utilizzate davanti all\u2019autorit\u00e0 giudiziaria nello svolgimento di funzioni giurisdizionali.<\/p>\n<p>Il 1\u00b0 gennaio 2012 sono entrate in vigore le nuove disposizioni in materia di certificati e di dichiarazioni sostitutive, di cui all\u2019art. 15 della legge 12 novembre 2011 n. 183. A decorrere da tale data i certificati avranno pertanto validit\u00e0 solo nei rapporti tra privati, mentre le Amministrazioni Pubbliche non potranno pi\u00f9 chiedere o accettare i certificati, che dovranno essere sempre sostituiti da autocertificazioni.<\/p>\n<p>Le norme sull\u2019autocertificazione si applicano ai cittadini italiani e dell\u2019Unione europea, nonch\u00e9 ai cittadini extracomunitari regolarmente soggiornanti in Italia limitatamente ai dati verificabili o certificabili in Italia da soggetti pubblici.<\/p>\n<p>Modulistica:<a id=\"s\" href=\"https:\/\/ambdublino.esteri.it\/ambasciata_dublino\/asciata_Dublino\/Menu\/In_linea_con_utente\/Modulistica\" name=\"s\"><br \/>\n<\/a><\/p>\n<p>1. Dichiarazione sostitutiva di certificazione (art. 46 DPR 445\/2000)<\/p>\n<p>Possono essere comprovati, tramite dichiarazione, i seguenti stati:<\/p>\n<p>\u2022 data e il luogo di nascita;<br \/>\n\u2022 residenza;<br \/>\n\u2022 cittadinanza;<br \/>\n\u2022 godimento dei diritti civili e politici;<br \/>\n\u2022 stato di celibe, coniugato, vedovo o stato libero;<br \/>\n\u2022 stato di famiglia;<br \/>\n\u2022 esistenza in vita;<br \/>\n\u2022 nascita del figlio, decesso del coniuge, dell\u2019ascendente o discendente;<br \/>\n\u2022 iscrizione in albi, in elenchi tenuti da pubbliche amministrazioni;<br \/>\n\u2022 appartenenza a ordini professionali;<br \/>\n\u2022 titolo di studio, esami sostenuti;<br \/>\n\u2022 qualifica professionale posseduta, titolo di specializzazione, di abilitazione, di formazione, di aggiornamento e di qualificazione tecnica;<br \/>\n\u2022 situazione reddituale o economica anche ai fini della concessione dei benefici di qualsiasi tipo previsti da leggi speciali;<br \/>\n\u2022 assolvimento di specifici obblighi contributivi con l\u2019indicazione dell\u2019ammontare corrisposto;<br \/>\n\u2022 possesso e numero del codice fiscale, della partita IVA e di qualsiasi dato presente nell\u2019archivio dell\u2019anagrafe tributaria;<br \/>\n\u2022 stato di disoccupazione;<br \/>\n\u2022 qualit\u00e0 di pensionato e categoria di pensione;<br \/>\n\u2022 qualit\u00e0 di studente;<br \/>\n\u2022 qualit\u00e0 di legale rappresentante di persone fisiche o giuridiche, di tutore, di curatore e simili;<br \/>\n\u2022 iscrizione presso associazioni o formazioni sociali di qualsiasi tipo;<br \/>\n\u2022 tutte le situazioni relative all\u2019adempimento degli obblighi militari, ivi comprese quelle attestate nel foglio matricolare dello stato di servizio;<br \/>\n\u2022 di non aver riportato condanne penali e di non essere destinatario di provvedimenti che riguardano l\u2019applicazione di misure di prevenzione, di decisioni civili e di provvedimenti amministrativi iscritti nel casellario giudiziale ai sensi della vigente normativa;<br \/>\n\u2022 di non essere a conoscenza di essere sottoposto a procedimenti penali;<br \/>\n\u2022 qualit\u00e0 di vivenza a carico;<br \/>\n\u2022 tutti i dati a diretta conoscenza dell\u2019interessato contenuti nei registri dello stato civile;<br \/>\n\u2022 di non trovarsi in stato di liquidazione o di fallimento e di non aver presentato domanda di concordato.<\/p>\n<p>Nessuna imposta di bollo deve essere corrisposta dal cittadino quando l\u2019uso dell\u2019atto \u00e8 esente, per legge, dalla stessa.<\/p>\n<p>Le dichiarazioni sostitutive delle normali certificazioni possono essere redatte scrivendo su carta semplice e firmando sotto la propria ed esclusiva responsabilit\u00e0 (non \u00e8 necessario firmare davanti all\u2019impiegato) o compilando dichiarazioni sostitutive.<\/p>\n<p>Le istanze e le dichiarazioni da presentare a questa Ambasciata possono essere inviate, corredate di un documento\u00a0 d\u2019identit\u00e0, o equipollente, in corso di validit\u00e0 anche per fax\u00a0 al numero: 01 6766716 e per via telematica all\u2019 indirizzo email:\u00a0<a href=\"mailto:consolare.ambdublino@esteri.it\">consolare.ambdublino@esteri.it<\/a><\/p>\n<p>2. Dichiarazione sostitutiva di atto di notoriet\u00e0 (art. 47 DPR 445\/2000)<\/p>\n<p>Gli interessati possono ricorrere alla dichiarazione sostitutiva dell\u2019atto di notoriet\u00e0 per tutti gli stati, fatti e qualit\u00e0 personali di cui siano a diretta conoscenza e che non siano certificabili da parte di una pubblica amministrazione.<br \/>\nValidit\u00e0 delle dichiarazioni sostitutive di normali certificazioni e atti di notoriet\u00e0<\/p>\n<p>Le dichiarazioni sostitutive hanno la stessa validit\u00e0 degli atti che sostituiscono. Normalmente i certificati hanno validit\u00e0 per sei mesi dalla data in cui sono stati rilasciati, salvo che norme di legge o regolamentiri non dispongano una validit\u00e0 superiore.<\/p>\n<p>La validit\u00e0 delle certificazioni anagrafiche e quelle relative allo stato civile \u00e8 prolungabile se l\u2019interessato dichiara che i dati contenuti nel certificato non hanno subito modifiche e sottoscrive tale dichiarazione.<\/p>\n<p>Hanno validit\u00e0 illimitate, invece, i certificati e le dichiarazioni sostitutive che attestano stati e fatti personali che non sono soggetti a modificazioni (certificati di nascita, di morte, titoli di studio, ecc.)<\/p>\n<p>La possibilit\u00e0 di avvalersi dell\u2019autocertificazione non \u00e8 mai ammessa per i certificati:<\/p>\n<p>\u2022 medici;<br \/>\n\u2022 sanitari;<br \/>\n\u2022 veterinari;<br \/>\n\u2022 di origine;<br \/>\n\u2022 di conformit\u00e0 CE;<br \/>\n\u2022 marchi o brevetti.<\/p>\n<p>Sanzioni per i cittadini che forniscono dichiarazioni non veritiere<\/p>\n<p>Qualora sorgessero dubbi sulla veridicit\u00e0 delle autocertificazioni, questa Ambasciata \u00e8 tenuta a effettuare i controlli necessari. Nel caso vengano riscontrate dichiarazioni mendaci, la falsit\u00e0 negli atti e l\u2019uso di atti falsi sono puniti ai sensi del codice penale e delle leggi speciali in materia (art. 76 DPR 445\/2000). Il dichiarante inoltre decade dai benefici eventualmente conseguiti grazie a provvedimenti basati su dichiarazioni non veritiere.<\/p>\n<p>Casi in cui la Pubblica Amministrazione non pu\u00f2 pi\u00f9 chiedere certificazioni ai cittadini<\/p>\n<p>Nel caso in cui si debba certificare i dati relativi a cognome, nome, luogo e data di nascita, cittadinanza, stato civile e residenza, \u00e8 sufficiente l\u2019esibizione di un documento di riconoscimento.<\/p>\n<p>La registrazione dei dati avviene attraverso la fotocopia non autenticata del documento stesso.<br \/>\nSe il documento non \u00e8 pi\u00f9 valido, l\u2019interessato deve dichiarare, in margine alla fotocopia, che i dati contenuti nel documento non sono variati dalla data del rilascio.<\/p>\n<p>Documenti di riconoscimento e di identit\u00e0<\/p>\n<p>In tutti i casi in cui viene richiesto un documento di identit\u00e0 esso pu\u00f2 essere sostituito da un documento di riconoscimento equipollente. Sono equipollenti alla carta di identit\u00e0:<\/p>\n<p>\u2022 Il passaporto;<br \/>\n\u2022 La patente di guida;<br \/>\n\u2022 La patente nautica;<br \/>\n\u2022 Il libretto di pensione;<br \/>\n\u2022 Il patentino di abilitazione alla conduzione di impianti termici;<br \/>\n\u2022 Il porto d\u2019armi;<br \/>\n\u2022 Le tessere di riconoscimento rilasciate da un\u2019Amministrazione dello Stato, purch\u00e8 munite di fotografia e di timbro o altra segnatura equivalente equivalente rilasciate da un\u2019amministrazione dello Stato.<\/p>\n<p>Nel caso il documento sia scaduto, esso pu\u00f2 essere ugualmente esibito, con una dichiarazione dell\u2019interessato sulla fotocopia del documento che i dati in esso contenuti non sono cambiati.<\/p>\n<p>Per ulteriori informazioni consultare il\u00a0<a href=\"http:\/\/www.esteri.it\/MAE\/IT\/Ministero\/NormativaOnline\/Normativa_consolare\/ServiziConsolari\/Autocertificazione.htm\">sito web del Ministero degli Affari Esteri<\/a><\/p>\n","protected":false},"excerpt":{"rendered":"L\u2019AUTOCERTIFICAZIONE \u00c8 una dichiarazione che l\u2019interessato redige e sottoscrive nel proprio interesse su stati, fatti e qualit\u00e0 personali e che utilizza nei rapporti con la P.A. e con i gestori di pubblici servizi. Nel rapporto con un soggetto privato il ricorso all\u2019autocertificazione \u00e8 rimesso alla discrezionalit\u00e0 di quest\u2019ultimo. Non possono invece essere utilizzate davanti all\u2019autorit\u00e0 [&hellip;]","protected":false},"author":4,"featured_media":0,"parent":47,"menu_order":7,"comment_status":"closed","ping_status":"closed","template":"","meta":{"footnotes":""},"class_list":["post-639","page","type-page","status-publish","hentry"],"_links":{"self":[{"href":"https:\/\/ambdublino.esteri.it\/it\/wp-json\/wp\/v2\/pages\/639","targetHints":{"allow":["GET"]}}],"collection":[{"href":"https:\/\/ambdublino.esteri.it\/it\/wp-json\/wp\/v2\/pages"}],"about":[{"href":"https:\/\/ambdublino.esteri.it\/it\/wp-json\/wp\/v2\/types\/page"}],"author":[{"embeddable":true,"href":"https:\/\/ambdublino.esteri.it\/it\/wp-json\/wp\/v2\/users\/4"}],"replies":[{"embeddable":true,"href":"https:\/\/ambdublino.esteri.it\/it\/wp-json\/wp\/v2\/comments?post=639"}],"version-history":[{"count":1,"href":"https:\/\/ambdublino.esteri.it\/it\/wp-json\/wp\/v2\/pages\/639\/revisions"}],"predecessor-version":[{"id":640,"href":"https:\/\/ambdublino.esteri.it\/it\/wp-json\/wp\/v2\/pages\/639\/revisions\/640"}],"up":[{"embeddable":true,"href":"https:\/\/ambdublino.esteri.it\/it\/wp-json\/wp\/v2\/pages\/47"}],"wp:attachment":[{"href":"https:\/\/ambdublino.esteri.it\/it\/wp-json\/wp\/v2\/media?parent=639"}],"curies":[{"name":"wp","href":"https:\/\/api.w.org\/{rel}","templated":true}]}}