{"id":68,"date":"2023-04-11T18:18:08","date_gmt":"2023-04-11T16:18:08","guid":{"rendered":"https:\/\/ambasciatapraga.esteri.it\/?page_id=68"},"modified":"2025-10-06T15:54:14","modified_gmt":"2025-10-06T13:54:14","slug":"stato-civile","status":"publish","type":"page","link":"https:\/\/ambdublino.esteri.it\/it\/servizi-consolari-e-visti\/servizi-per-il-cittadino-italiano\/stato-civile\/","title":{"rendered":"Stato Civile"},"content":{"rendered":"<p><strong>Stato civile<\/strong><\/p>\n<p><strong>(Certificati di nascita, morte, matrimoni, divorzi)<\/strong><br data-start=\"296\" data-end=\"299\" \/><a class=\"decorated-link cursor-pointer\" href=\"mailto:ambdublino.statocivile@esteri.it\" rel=\"noopener\" data-start=\"302\" data-end=\"334\">ambdublino.statocivile@esteri.it<\/a><\/p>\n<p>L\u2019Ufficio Stato Civile si occupa delle registrazioni in Italia dei certificati di nascita, matrimonio, atti di unione civile tra persone dello stesso sesso e delle sentenze di divorzio relative a cittadini italiani, rilasciati dalle autorit\u00e0 Irlandesi che quelli rilasciati dal paese di provenienza di cittadini residenti e registrati presso questa Ambasciata.<\/p>\n<p>Gli atti vengono inviati per la trascrizione al Comune d\u2019iscrizione Aire (Comune d\u2019ultima residenza in Italia).<\/p>\n<p>Nel caso particolare della trascrizione delle sentenze di divorzio, se il matrimonio venne celebrato in Italia, la sentenza di divorzio verr\u00e0 inviata al Comune dove fu celebrato il matrimonio.<\/p>\n<p>&nbsp;<\/p>\n<p><strong>Attivo il servizio online di richiesta certificati dai comuni italiani<\/strong><\/p>\n<p>Dal 15 novembre 2021 \u00e8 stato attivato il nuovo servizio per la richiesta di certificazioni digitali ai comuni italiani per tutti gli iscritti all\u2019anagrafe, sia residenti in Italia sia iscritti AIRE e per i loro familiari. Il servizio \u00e8 disponibile tramite il sito\u00a0<a href=\"http:\/\/www.anagrafenazionale.gov.it\/\">www.anagrafenazionale.gov.it<\/a>\u00a0a cui accedere tramite credenziali SPID, Carta d\u2019Identit\u00e0 elettronica (CIE) o Carta Nazionale dei Servizi (CNS).<br \/>\nAccedendo alla propria scrivania utente, sar\u00e0 anche possibile visualizzare i dati registrati nel proprio comune ed eventualmente richiederne la rettifica.<br \/>\nAll\u2019indirizzo\u00a0<a href=\"https:\/\/sc.anpr.interno.it\/serviziCittadino\/dist\/docs\/guida_richiesta_certificato.pdf\">https:\/\/sc.anpr.interno.it\/serviziCittadino\/dist\/docs\/guida_richiesta_certificato.pdf<\/a>\u00a0\u00e8 disponibile la guida operativa per i cittadini, con le indicazioni di accesso e fruizione dei vari servizi.<\/p>\n<p><strong>\u00a0<\/strong><\/p>\n<p><strong>Certificazioni rilasciate da questa Ambasciata<\/strong><\/p>\n<p><strong>\u00a0<\/strong>L\u2019Ufficio Stato Civile emette esclusivamente in favore degli\u00a0<strong>iscritti all\u2019AIRE<\/strong>\u00a0in\u00a0<strong>questa circoscrizione consolare<\/strong>\u00a0i seguenti certificati attestanti situazioni ricavate dagli archivi anagrafici e validi\u00a0solo\u00a0nei rapporti con altri privati (ad es. patronati, notai, assicurazione etc) e\u00a0non\u00a0nei confronti di altri Enti pubblici.<\/p>\n<p><strong>Certificati: <\/strong><\/p>\n<ul>\n<li style=\"list-style-type: none;\">\n<ol>\n<li><strong>\u00a0<\/strong>Lo\u00a0<strong>stato civile<\/strong>\u00a0\u00e8 un certificato che attesta lo status del connazionale (nubile, celibe, divorziato). Affinch\u00e9 il certificato corrisponda alla situazione attuale del connazionale, accertarsi della regolarit\u00e0 della propria posizione in AIRE (registrazione atti di nascita, eventuale registrazione matrimonio o divorzio, indirizzo di residenza aggiornato).<\/li>\n<li>Lo\u00a0<strong>stato di famiglia<\/strong>\u00a0\u00e8 un certificato per la cui completezza si consiglia di allegare apposita dichiarazione attestante composizione e residenza del nucleo familiare del richiedente. Affinch\u00e9 il certificato corrisponda alla situazione attuale del connazionale, accertarsi della regolarit\u00e0 della propria posizione in AIRE (registrazione atti di nascita, eventuale registrazione matrimonio o divorzio, indirizzo di residenza aggiornato).<\/li>\n<li>Il\u00a0<strong>contestuale<\/strong>\u00a0\u00e8 un certificato che attesta contemporaneamente stato civile, cittadinanza e residenza del richiedente. Affinch\u00e9 il certificato corrisponda alla situazione attuale del connazionale, accertarsi della regolarit\u00e0 della propria posizione in AIRE (registrazione atto di nascita, eventuale registrazione matrimonio o divorzio, indirizzo di residenza aggiornato).<\/li>\n<li><strong>Certificato\u00a0di Nulla Osta al Matrimonio<\/strong>. Qualora il cittadino italiano intenda sposarsi all\u2019estero (Italia esclusa) in uno dei Paesi che hanno\u00a0ratificato la Convenzione di Monaco del 05.09.1980, il Consolato competente per residenza rilascia specifico \u201c<strong>Certificato di Capacit\u00e0 Matrimoniale<\/strong>\u2019\u2019 che \u00e8 esente da legalizzazione e traduzione poich\u00e9 le varie voci sono gi\u00e0 tradotte nelle lingue convenute dai Paesi firmatari. Elenco dei Paesi firmatari: Austria, Germania, Grecia, Italia, Lussemburgo, Moldova, Paesi Bassi, Portogallo, Spagna, Svizzera, Turchia. Per i cittadini italiani che intendano sposarsi all\u2019estero (Italia esclusa) in Paesi\u00a0non firmatari della Convenzione di Monaco, il Nulla Osta al Matrimonio coincide con il certificato di stato civile o contestuale dal quale si evince lo stato civile libero. Esso pu\u00f2 essere rilasciato a richiesta del connazionale sia in lingua italiana che inglese e se si richiede l\u2019aggiunta dei dati del nubendo straniero, allora sar\u00e0 necessario fornire prova dell\u2019attuale stato civile del predetto\/a (con certificazione o autodichiarazione).<\/li>\n<li><strong>Certificazione di conformit\u00e0 traduzione<\/strong>. A richiesta dell\u2019interessato, l\u2019ufficio certifica la conformit\u00e0 della traduzione all\u2019atto di stato civile in originale. Si pu\u00f2 certificare sia la conformit\u00e0 di una traduzione italiana rispetto ad un certificato inglese, che la conformit\u00e0 di una traduzione inglese rispetto ad un certificato italiano, con applicazione tariffe consolari diverse. La certificazione di conformit\u00e0 della traduzione \u00e8 gratuita solo se a fini della trascrizione.<\/li>\n<\/ol>\n<\/li>\n<\/ul>\n<p>&nbsp;<\/p>\n","protected":false},"excerpt":{"rendered":"Stato civile (Certificati di nascita, morte, matrimoni, divorzi)ambdublino.statocivile@esteri.it L\u2019Ufficio Stato Civile si occupa delle registrazioni in Italia dei certificati di nascita, matrimonio, atti di unione civile tra persone dello stesso sesso e delle sentenze di divorzio relative a cittadini italiani, rilasciati dalle autorit\u00e0 Irlandesi che quelli rilasciati dal paese di provenienza di cittadini residenti e [&hellip;]","protected":false},"author":1,"featured_media":0,"parent":47,"menu_order":0,"comment_status":"closed","ping_status":"closed","template":"","meta":{"footnotes":""},"class_list":["post-68","page","type-page","status-publish","hentry"],"_links":{"self":[{"href":"https:\/\/ambdublino.esteri.it\/it\/wp-json\/wp\/v2\/pages\/68","targetHints":{"allow":["GET"]}}],"collection":[{"href":"https:\/\/ambdublino.esteri.it\/it\/wp-json\/wp\/v2\/pages"}],"about":[{"href":"https:\/\/ambdublino.esteri.it\/it\/wp-json\/wp\/v2\/types\/page"}],"author":[{"embeddable":true,"href":"https:\/\/ambdublino.esteri.it\/it\/wp-json\/wp\/v2\/users\/1"}],"replies":[{"embeddable":true,"href":"https:\/\/ambdublino.esteri.it\/it\/wp-json\/wp\/v2\/comments?post=68"}],"version-history":[{"count":6,"href":"https:\/\/ambdublino.esteri.it\/it\/wp-json\/wp\/v2\/pages\/68\/revisions"}],"predecessor-version":[{"id":4089,"href":"https:\/\/ambdublino.esteri.it\/it\/wp-json\/wp\/v2\/pages\/68\/revisions\/4089"}],"up":[{"embeddable":true,"href":"https:\/\/ambdublino.esteri.it\/it\/wp-json\/wp\/v2\/pages\/47"}],"wp:attachment":[{"href":"https:\/\/ambdublino.esteri.it\/it\/wp-json\/wp\/v2\/media?parent=68"}],"curies":[{"name":"wp","href":"https:\/\/api.w.org\/{rel}","templated":true}]}}