{"id":69,"date":"2023-04-11T18:18:20","date_gmt":"2023-04-11T16:18:20","guid":{"rendered":"https:\/\/ambasciatapraga.esteri.it\/?page_id=69"},"modified":"2025-11-17T11:39:45","modified_gmt":"2025-11-17T10:39:45","slug":"assistenza-ai-cittadini-allestero","status":"publish","type":"page","link":"https:\/\/ambdublino.esteri.it\/it\/servizi-consolari-e-visti\/servizi-per-il-cittadino-italiano\/assistenza-ai-cittadini-allestero\/","title":{"rendered":"Assistenza ai cittadini all&#8217;estero"},"content":{"rendered":"<p><strong>CONSIGLI PER I CONNAZIONALI<\/strong><\/p>\n<p><strong>\u00a0<\/strong><strong>Si consiglia ai connazionali di:<\/strong><\/p>\n<p><strong>\u00a0<\/strong><strong>&#8211; registrare i dati del proprio viaggio su DOVESIAMONELMONDO;<\/strong><\/p>\n<p><strong>&#8211; prestare la massima attenzione ai propri effetti personali (borse, zaini, portafogli, documenti di viaggio, etc.) soprattutto in aeroporto, sui mezzi di trasporto collettivi e nelle zone turistiche di Dublino, in particolare nel centro citt\u00e0 e Dublino Nord;<\/strong><\/p>\n<p><strong>&#8211; conservare con cura in un luogo sicuro biglietti di viaggio e documenti (passaporto o carta d\u2019identit\u00e0), circolando\u00a0<\/strong><strong>preferibilmente<\/strong><strong>\u00a0con una fotocopia da esibire in caso di necessit\u00e0;<\/strong><\/p>\n<p><strong>&#8211; esercitare prudenza\u00a0<\/strong><strong>soprattutto<\/strong><strong>\u00a0durante i fine settimana, in quanto \u00e8 diffuso il consumo di bevande alcoliche;<\/strong><\/p>\n<p><strong>&#8211; prestare particolare attenzione durante le visite alle Cliffs of Moher e alle Isole di Aran (entrambe sulla costa ovest del Paese), in quanto luoghi caratterizzati da scogliere altissime, scivolose ed in alcuni punti prive di barriere di protezione.<\/strong><\/p>\n<p>&nbsp;<\/p>\n<p><span style=\"text-decoration: underline;\"><strong>Alla luce dei disordini registrati lo scorso novembre nel centro di Dublino, si raccomanda di continuare ad osservare generale prudenza, monitorare i media locali, prestare attenzione all\u2019ambiente circostante e attenersi alle indicazioni delle forze di polizia.<\/strong><\/span><\/p>\n<p>&nbsp;<\/p>\n<p>ASSISTENZA SOCIALE<br \/>\nIn quanto cittadini dell\u2019Unione Europea i cittadini italiani stabilmente residenti in Irlanda hanno diritto di beneficiare di tutte le forme di assistenza sociale in egual misura dei cittadini Irlandesi<\/p>\n<p>L\u2019Ufficio svolge anche:<\/p>\n<p>&#8212; Documenti per il rimpatrio in caso di smarrimento o furto (Emergency Travel Document). L&#8217;E.T.D. viene rilasciato solo a coloro che si trovano temporaneamente in Irlanda, su presentazione di una denuncia effettuata presso la polozia locale, 2 foto, copia del biglietto aereo, prova di identita&#8217; tramite fotocopia<br \/>\n\u2013 Interventi di assistenza diretta a cittadini italiani residenti e non residenti<br \/>\n\u2013 Assistenza a viaggiatori, turisti e cittadini in stato di necessit\u00e0 (a seguito di furti di denaro, documenti, carte bancarie, etc)<\/p>\n<p>SUSSIDI<br \/>\nL&#8217;Ambasciata\u00a0 pu\u00f2 erogare un sussidio una tantum al connazionale residente iscritto all\u2019A.I.R.E., che si trovi in precarie temporanee condizioni economiche. Alla domanda dovranno essere allegati i seguenti documenti:<\/p>\n<ul>\n<li>attestazione del proprio nucleo familiare;<\/li>\n<li>documento di identit\u00e0 italiano in corso di validit\u00e0;<\/li>\n<li>ultima dichiarazione dei redditi (Avis d\u2019imposition) e documentazione comprovante il reddito del nucleo familiare;<\/li>\n<li>documentazione inerente ogni tipo di aiuto \u201csociale\u201d concesso dall\u2019Autorit\u00e0 Irlandese;<\/li>\n<li>attestazione comprovante l\u2019eventuale condizione di invalidit\u00e0;<\/li>\n<li>altri eventuali documenti che potrebbero essere richiesti dall\u2019Ufficio competente se ritenuto necessario.<\/li>\n<\/ul>\n<p>PRESTITI<br \/>\nL&#8217;Ambasciata puo\u2019 erogare prestiti con promessa di restituzione a cittadini temporaneamente presenti nella circoscrizione e in stato di necessit\u00e0, senza possibilit\u00e0 di aiuto da parte di parenti e genitori. Si tratta di prestiti caratterizzati dalla temporaneit\u00e0 del soggiorno e dall\u2019eccezionalit\u00e0.<\/p>\n<p>In ottemperanza all\u2019obbligo di adesione alla Piattaforma Incassi, dal 30 giugno 2024 le modalit\u00e0 di rimborso dei prestiti con promessa di restituzione concessi ai sensi dell&#8217;art. 24, comma 2, del D. Lgs n.71 del 3 febbraio 2011 sono cambiate.<\/p>\n<p>E\u2019 ora possibile restituire i prestiti concessi esclusivamente attraverso le seguenti modalit\u00e0:<\/p>\n<p>a) presso gli Uffici Postali, rivolgendosi all\u2019operatore di sportello;<\/p>\n<p>b) tramite il sito www.poste.it;<\/p>\n<p>c) presso l\u2019Ufficio Consolare che ha concesso il prestito oppure, all\u2019occasione, presso un qualsiasi altro Ufficio Consolare.<\/p>\n<p><a href=\"https:\/\/ambdublino.esteri.it\/wp-content\/uploads\/2024\/07\/ALL.1Istruzioni-modalita-di-pagamento.pdf\">In allegato (CLICCA QUI)<\/a> sottostante le istruzioni dettagliate su come effettuare il rimborso tramite le Poste italiane.<\/p>\n<p>Per ogni ulteriore chiarimento si potr\u00e0 contattare l\u2019Ufficio I della Direzione Generale per gli italiani all\u2019estero e le politiche migratorie al seguente indirizzo di posta elettronica: dgit-01@esteri.it .<\/p>\n<p>DENUNCE \u2013 QUERELE DIRETTE AI TRIBUNALI ITALIANI<br \/>\n\u00c8 possibile, tramite l&#8217;ufficio Consolare, inoltrare denunce \u2013 querele ai Tribunali italiani. Il testo della denuncia deve contenere i dati anagrafici del denunciante, l\u2019esposizione dei fatti e l\u2019indicazione, se conosciuta, della\/e persona\/e che si intende denunciare. L\u2019apposito servizio consolare provvede all\u2019autentica della firma (per il costo consultare la pagina tariffe consolari) e alla trasmissione dell\u2019atto in Italia.<\/p>\n<p>DOCUMENTI\u00a0 RINVENUTI<\/p>\n<p>I documenti italiani trasmessi a questa Ambasciata dalle autorit\u00e0 di polizia locali a seguito di ritrovamento, vengono catalogati\u00a0 e custoditi per 12 mesi.<br \/>\nTrascorso questo lasso di tempo senza che il proprietario si manifesti, i documenti vengono distrutti.<\/p>\n<p>Restituzione documenti:<br \/>\nIl cittadino italiano che ricerca un documento di sua propriet\u00e0 smarrito o rubato puo&#8217; scrivere una e-mail a <a href=\"mailto:consolare.ambdublino@esteri.it\">consolare.ambdublino@esteri.it<\/a> con i propri dati. L\u2019Ufficio dar\u00e0 pronto riscontro alla richiesta nel caso in cui il documento sia stato recapitato al Consolato, fornendo indicazioni riguardo la procedura di restituzione\/ritiro. Si precisa che le eventuali spese di spedizione saranno a carico dell\u2019interessato.<\/p>\n<p>RIMPATRI<\/p>\n<p>L&#8217;Ambasciata, pu\u00f2 fornire assistenza, in collaborazione con gli enti territorialmente competenti (Prefetture, Questure, Comuni, Unit\u00e0 Sanitarie Locali, Servizi Sociali), per il rimpatrio dei connazionali che si trovino in situazioni di gravi difficolt\u00e0 ovvero nei seguenti casi:<br \/>\n*motivi economici o sanitari;<br \/>\n*minori in stato di abbandono;<br \/>\n*persone affette da disturbi psichici;<br \/>\n*espulsione dal territorio Irlandese.<\/p>\n<p>DECESSO ALL\u2019ESTERO<br \/>\nIn caso di decesso di cittadini italiani in Irlanda, le procedure di rimpatrio delle salme sono effettuate presso il coroner Irlandese direttamente dalle Societ\u00e0 di Pompe Funebri incaricata.<br \/>\nAl Consolato deve essere trasmessa la <a href=\"https:\/\/ambdublino.esteri.it\/it\/servizi-consolari-e-visti\/servizi-per-il-cittadino-italiano\/modulistica\/\">MODULISTICA\u00a0<\/a> con l\u2019atto di morte\u00a0 per la successiva trascrizione al Comune italiano.<br \/>\nNel caso di rimpatrio della salma in Italia e qualora sia previsto dalla normativa regionale italiana, il familiare che ha sostenuto le spese funebri puo\u2019 chiedere un rimborso al Comune italiano d\u2019origine.<\/p>\n<p>DICHIARAZIONI DI VALORE<\/p>\n<p>La procedura di riconoscimento in Italia dei titoli di studio irlandesi, sia per il proseguimento degli studi (Scuola\/Universit\u00e0), che per fini lavorativi, prevede, tra l\u2019altro, il rilascio della Dichiarazione di Valore da parte di questa Ambasciata.<\/p>\n<p>In tale documento si dichiara il valore dei titoli di studio\/professionali conseguiti in Irlanda, con riferimento all&#8217;ordinamento locale.\u00a0 La Dichiarazione di Valore NON implica alcun riconoscimento, equipollenza od omologazione del titolo di studio a cui fa riferimento; e\u2019 un <strong>documento di natura esclusivamente informativa<\/strong>, mirante a fornire, riguardo al titolo estero in oggetto, ogni elemento utile per consentire alle Autorit\u00e0 italiane competenti una valutazione del titolo stesso ai fini del suo riconoscimento nell\u2019ordinamento italiano ai sensi della normativa vigente.<\/p>\n<p>Per informazioni, consultare <a href=\"https:\/\/ambdublino.esteri.it\/it\/servizi-consolari-e-visti\/servizi-per-il-cittadino-italiano\/modulistica\/\">LA MODULISTICA\u00a0<\/a><\/p>\n<p>&nbsp;<\/p>\n","protected":false},"excerpt":{"rendered":"CONSIGLI PER I CONNAZIONALI \u00a0Si consiglia ai connazionali di: \u00a0&#8211; registrare i dati del proprio viaggio su DOVESIAMONELMONDO; &#8211; prestare la massima attenzione ai propri effetti personali (borse, zaini, portafogli, documenti di viaggio, etc.) soprattutto in aeroporto, sui mezzi di trasporto collettivi e nelle zone turistiche di Dublino, in particolare nel centro citt\u00e0 e Dublino [&hellip;]","protected":false},"author":1,"featured_media":0,"parent":47,"menu_order":0,"comment_status":"closed","ping_status":"closed","template":"","meta":{"footnotes":""},"class_list":["post-69","page","type-page","status-publish","hentry"],"_links":{"self":[{"href":"https:\/\/ambdublino.esteri.it\/it\/wp-json\/wp\/v2\/pages\/69","targetHints":{"allow":["GET"]}}],"collection":[{"href":"https:\/\/ambdublino.esteri.it\/it\/wp-json\/wp\/v2\/pages"}],"about":[{"href":"https:\/\/ambdublino.esteri.it\/it\/wp-json\/wp\/v2\/types\/page"}],"author":[{"embeddable":true,"href":"https:\/\/ambdublino.esteri.it\/it\/wp-json\/wp\/v2\/users\/1"}],"replies":[{"embeddable":true,"href":"https:\/\/ambdublino.esteri.it\/it\/wp-json\/wp\/v2\/comments?post=69"}],"version-history":[{"count":6,"href":"https:\/\/ambdublino.esteri.it\/it\/wp-json\/wp\/v2\/pages\/69\/revisions"}],"predecessor-version":[{"id":4569,"href":"https:\/\/ambdublino.esteri.it\/it\/wp-json\/wp\/v2\/pages\/69\/revisions\/4569"}],"up":[{"embeddable":true,"href":"https:\/\/ambdublino.esteri.it\/it\/wp-json\/wp\/v2\/pages\/47"}],"wp:attachment":[{"href":"https:\/\/ambdublino.esteri.it\/it\/wp-json\/wp\/v2\/media?parent=69"}],"curies":[{"name":"wp","href":"https:\/\/api.w.org\/{rel}","templated":true}]}}