{"id":74,"date":"2023-04-11T18:20:09","date_gmt":"2023-04-11T16:20:09","guid":{"rendered":"https:\/\/ambasciatapraga.esteri.it\/?page_id=74"},"modified":"2023-05-26T09:14:52","modified_gmt":"2023-05-26T07:14:52","slug":"autoveicoli-e-patenti-di-guida","status":"publish","type":"page","link":"https:\/\/ambdublino.esteri.it\/it\/servizi-consolari-e-visti\/servizi-per-il-cittadino-italiano\/autoveicoli-e-patenti-di-guida\/","title":{"rendered":"Autoveicoli e Patenti di guida"},"content":{"rendered":"<p><strong>&gt;&gt;\u00a0<a href=\"https:\/\/www.esteri.it\/it\/servizi-consolari-e-visti\/italiani-all-estero\/autoveicoli_e_patenti\/patenteguida\/\" target=\"_blank\" rel=\"noopener\">Informazioni generali sul sito del Ministero degli Affari Esteri e della Cooperazione Internazionale<\/a><br \/>\n<\/strong><strong>&gt;&gt;\u00a0<a href=\"http:\/\/www.aci.it\/i-servizi\/guide-utili.html\" target=\"_blank\" rel=\"noopener\">Patente, bollo, pratiche auto: le guide ACI online<\/a><\/strong><\/p>\n<p><strong><br \/>\nLA PATENTE DI GUIDA<br \/>\n<\/strong>\u2022 Se vi recate per brevi periodi in Irlanda potete circolare utilizzando la patente di guida italiana in quanto, in base alla Direttiva comunitaria n. 2006\/126\/CE del 20 dicembre 2006, gli Stati membri riconoscono le patenti di guida rilasciate dalle rispettive Autorit\u00e0.<br \/>\n\u2022 Se invece stabilite la vostra residenza in Irlanda, <strong>\u00e8 consigliato convertire la patente di guida italiana<\/strong>, prima della scadenza, in una equipollente Irlandese presso i locali uffici di motorizzazione (NDLS \/ Motor Tax Office)<br \/>\n\u2022 Nel caso in cui non siate pi\u00f9 in possesso della patente italiana (ad esempio a causa di furto o smarrimento) o se la vostra patente \u00e8 scaduta, per la richiesta di conversione in patente Irlandese sar\u00e0 necessario presentare anche un attestato di validit\u00e0 della patente, che viene rilasciato dagli Uffici della Motorizzazione del Ministero delle Infrastrutture e dei Trasporti e che potete richiedere anche online sul <a href=\"https:\/\/www.ilportaledellautomobilista.it\/web\/portale-automobilista\/patenti_richiesta-attestato-validita-patente\" target=\"_blank\" rel=\"noopener\"><strong>portale dell\u2019automobilista<\/strong><\/a>.<br \/>\n\u2022 Potete rinnovare la patente italiana, prima della scadenza, rivolgendovi\u00a0<strong>esclusivamente<\/strong>\u00a0alle Autorit\u00e0 competenti per il luogo di residenza.<\/p>\n<p>Se siete residenti in Irlanda, l\u2019Ufficio locale competente \u00e8 il seguente:<\/p>\n<p>National Driver Licence Service,<br \/>\nPO Box 858,<br \/>\nSouthside Delivery Office,<br \/>\nCork<br \/>\nhttps:\/\/www.ndls.ie\/help\/contact.html<\/p>\n<p>Se siete residenti\u00a0<strong>in Italia<\/strong>, potete trovare le informazioni necessarie sul sito del Ministero delle Infrastrutture e dei Trasporti al link\u00a0<a href=\"http:\/\/www.mit.gov.it\/come-fare-per\/patenti-mezzi-e-abilitazioni\/patenti-mezzi-stradali\/rinnovo-patente\" target=\"_blank\" rel=\"noopener\"><strong>http:\/\/www.mit.gov.it\/come-fare-per\/patenti-mezzi-e-abilitazioni\/patenti-mezzi-stradali\/rinnovo-patente<\/strong><\/a><\/p>\n<p><strong>&gt;&gt;ATTENZIONE<\/strong>: Il permesso provvisorio di guida italiano\u00a0<strong>non autorizza<\/strong> alla guida in Irlanda.<\/p>\n<p><strong>LA RICHIESTA DI RADIAZIONE DEI VEICOLI DAL P.R.A. PER ESPORTAZIONE DEFINITIVA ALL\u2019ESTERO<br \/>\n<\/strong>Se volete esportare definitivamente all\u2019estero un veicolo dovete prima effettuare la \u201cradiazione per definitiva esportazione all\u2019estero\u201d dall\u2019Archivio Nazionale dei Veicoli e dal Pubblico Registro Automobilistico.<br \/>\nDal 1\u00b0 gennaio 2020, a seguito della modifica del testo dell\u2019art. 103 comma 1 del Codice della Strada, chi intende esportare definitivamente il veicolo dall\u2019Italia all\u2019estero dovr\u00e0 preventivamente cancellare il veicolo dal P.R.A. in Italia, a condizione di aver proceduto a revisione\/controllo tecnico del veicolo, con esito positivo, in data non anteriore a sei mesi rispetto alla data in cui chiede la cancellazione stessa.<br \/>\nInoltre non \u00e8 pi\u00f9 possibile trasmettere tali richieste tramite gli Uffici consolari.<\/p>\n","protected":false},"excerpt":{"rendered":"&gt;&gt;\u00a0Informazioni generali sul sito del Ministero degli Affari Esteri e della Cooperazione Internazionale &gt;&gt;\u00a0Patente, bollo, pratiche auto: le guide ACI online LA PATENTE DI GUIDA \u2022 Se vi recate per brevi periodi in Irlanda potete circolare utilizzando la patente di guida italiana in quanto, in base alla Direttiva comunitaria n. 2006\/126\/CE del 20 dicembre 2006, [&hellip;]","protected":false},"author":1,"featured_media":0,"parent":47,"menu_order":16,"comment_status":"closed","ping_status":"closed","template":"","meta":{"footnotes":""},"class_list":["post-74","page","type-page","status-publish","hentry"],"_links":{"self":[{"href":"https:\/\/ambdublino.esteri.it\/it\/wp-json\/wp\/v2\/pages\/74","targetHints":{"allow":["GET"]}}],"collection":[{"href":"https:\/\/ambdublino.esteri.it\/it\/wp-json\/wp\/v2\/pages"}],"about":[{"href":"https:\/\/ambdublino.esteri.it\/it\/wp-json\/wp\/v2\/types\/page"}],"author":[{"embeddable":true,"href":"https:\/\/ambdublino.esteri.it\/it\/wp-json\/wp\/v2\/users\/1"}],"replies":[{"embeddable":true,"href":"https:\/\/ambdublino.esteri.it\/it\/wp-json\/wp\/v2\/comments?post=74"}],"version-history":[{"count":4,"href":"https:\/\/ambdublino.esteri.it\/it\/wp-json\/wp\/v2\/pages\/74\/revisions"}],"predecessor-version":[{"id":905,"href":"https:\/\/ambdublino.esteri.it\/it\/wp-json\/wp\/v2\/pages\/74\/revisions\/905"}],"up":[{"embeddable":true,"href":"https:\/\/ambdublino.esteri.it\/it\/wp-json\/wp\/v2\/pages\/47"}],"wp:attachment":[{"href":"https:\/\/ambdublino.esteri.it\/it\/wp-json\/wp\/v2\/media?parent=74"}],"curies":[{"name":"wp","href":"https:\/\/api.w.org\/{rel}","templated":true}]}}