{"id":959,"date":"2023-06-19T12:45:09","date_gmt":"2023-06-19T10:45:09","guid":{"rendered":"https:\/\/ambdublino.esteri.it\/?page_id=959"},"modified":"2023-07-05T12:55:05","modified_gmt":"2023-07-05T10:55:05","slug":"domande-frequenti","status":"publish","type":"page","link":"https:\/\/ambdublino.esteri.it\/it\/servizi-consolari-e-visti\/servizi-per-il-cittadino-italiano\/domande-frequenti\/","title":{"rendered":"Domande Frequenti F.A.Q."},"content":{"rendered":"<h2 style=\"text-align: center;\"><span style=\"text-decoration: underline;\"><strong>AIRE<\/strong><\/span><\/h2>\n<p class=\"x_MsoNormal\"><b><i>E\u2019 obbligatorio iscriversi all\u2019AIRE?<\/i><\/b><\/p>\n<p class=\"x_MsoNormal\">Devono iscriversi all\u2019A.I.R.E.i cittadini che trasferiscono la propria residenza all\u2019estero per periodi superiori a 12 mesi.<\/p>\n<p><strong><i>Entro quanto devo iscrivermi all\u2019AIRE?<\/i><\/strong><\/p>\n<p>\u00c8\u00a0necessario iscriversi entro 90 giorni dal trasferimento all\u2019estero. L\u2019iscrizione pu\u00f2 essere fatta anche successivamente, ma non pu\u00f2 essere retroattiva<i><\/i><\/p>\n<p><strong><i>Come faccio a sapere se sono stato iscritto in anagrafe consolare?<\/i><\/strong><\/p>\n<p>La preghiamo di voler indicare il suo indirizzo email sul modulo di richiesta di iscrizione in AIRE Online. Una volta inserito nello schedario consolare, ricever\u00e0 un messaggio di conferma che la Sua iscrizione \u00e8 stata inviata al Suo Comune di ultima residenza in Italia o di riferimento in Italia.<\/p>\n<p><strong><i>Come faccio a sapere se avete ricevuto la mia richiesta di iscrizione all\u2019AIRE?<\/i><\/strong><\/p>\n<p>Se la richiesta di iscrizione all\u2019AIRE \u00e8 stata correttamente effettuata online, al termine della procedura visualizzerete un messaggio automatico di ringraziamento, riportante un numero identificativo. Se non l\u2019avete visualizzato, si consiglia di procedere da capo, facendo attenzione che i file caricati non superino le dimensioni indicate.<\/p>\n<p><strong><i>Come faccio a sapere se quello che ho inviato \u00e8 corretto?<\/i><\/strong><\/p>\n<p>A causa dell\u2019elevata quantit\u00e0 di richieste ricevute da questo ufficio non sar\u00e0 possibile confermare la correttezza delle singole richieste prima che esse vengano processate, pertanto si prega di assicurarsi di aver inviato tutti i documenti richiesti.<\/p>\n<p class=\"x_MsoNormal\"><b><i>Cosa succede se non aggiorno il mio indirizzo all\u2019estero?<\/i><\/b><\/p>\n<p class=\"x_MsoNormal\">Il mancato aggiornamento di indirizzo rende impossibile il contatto con il cittadino ed il ricevimento della cartolina o del plico elettorale in caso di votazioni e potrebbe comportare la cancellazione dall\u2019AIRE per irreperibilit\u00e0.<\/p>\n<p><strong>\u00a0<\/strong><\/p>\n<h2 align=\"center\"><span style=\"text-decoration: underline;\"><strong>STATO CIVILE<\/strong><\/span><\/h2>\n<p class=\"x_MsoNormal\"><b><i>Posso chiedere al Consolato il rilascio del mio atto di nascita?<\/i><\/b><\/p>\n<p class=\"x_MsoNormal\">No. Il Consolato non \u00e8 competente. Gli estratti degli atti di stato civile (nascita, matrimonio e morte) devono essere richiesti direttamente dall\u2019interessato al competente Comune italiano, in cui l\u2019atto \u00e8 stato formato o trascritto.<\/p>\n<p class=\"x_MsoNormal\"><b><i>Devo registrare la nascita di mio\/a figlio\/a. Come procedere?<\/i><\/b><\/p>\n<p class=\"x_MsoNormal\">E\u2019 sufficiente inviare per posta tutta la documentazione IN ORIGINALE (le fotocopie non sono accettate). Per maggiori informazioni consulta\u00a0<a href=\"https:\/\/ambdublino.esteri.it\/it\/servizi-consolari-e-visti\/servizi-per-il-cittadino-italiano\/modulistica\/\" target=\"_blank\" rel=\"noopener noreferrer\">la pagina<\/a><\/p>\n<p class=\"x_MsoNormal\"><b><i>Devo registrare la morte di un familiare. Come procedere?<\/i><\/b><\/p>\n<p class=\"x_MsoNormal\">E\u2019 sufficiente inviare per posta tutta la documentazione IN ORIGINALE (le fotocopie non sono accettate). Per maggiori informazioni consulta\u00a0<a href=\"https:\/\/ambdublino.esteri.it\/it\/servizi-consolari-e-visti\/servizi-per-il-cittadino-italiano\/modulistica\/\" target=\"_blank\" rel=\"noopener noreferrer\">la pagina<\/a><\/p>\n<p class=\"x_MsoNormal\"><b><i>Devo registrare il mio matrimonio. Come procedere?<\/i><\/b><\/p>\n<p class=\"x_MsoNormal\">E\u2019 sufficiente inviare per posta tutta la documentazione IN ORIGINALE (le fotocopie non sono accettate). Per maggiori informazioni consulta\u00a0<a href=\"https:\/\/ambdublino.esteri.it\/it\/servizi-consolari-e-visti\/servizi-per-il-cittadino-italiano\/modulistica\/\" target=\"_blank\" rel=\"noopener noreferrer\">la pagina<\/a><\/p>\n<p class=\"x_MsoNormal\"><b><i>Devo registrare il mio Divorzio. Come procedere?<\/i><\/b><\/p>\n<p class=\"x_MsoNormal\">E\u2019 sufficiente inviare per posta tutta la documentazione IN ORIGINALE (le fotocopie non sono accettate). Per maggiori informazioni consulta\u00a0<a href=\"https:\/\/ambdublino.esteri.it\/it\/servizi-consolari-e-visti\/servizi-per-il-cittadino-italiano\/modulistica\/\" target=\"_blank\" rel=\"noopener noreferrer\">la pagina<\/a><\/p>\n<p><strong><i>Come ottengo un certificato di residenza?<\/i><\/strong><\/p>\n<p>Gli Uffici consolari non sono titolari delle funzioni di ufficiale di anagrafe e\u00a0<strong>non possono pertanto rilasciare certificati di residenza<\/strong>, compito che pu\u00f2 essere assolto esclusivamente dai Comuni italiani sia per quanto riguarda l\u2019AIRE (Anagrafe degli Italiani Residenti all\u2019Estero) che per quanto riguarda l\u2019APR (Anagrafe della Popolazione Residente).<\/p>\n<p><strong>Il certificato potr\u00e0 pertanto essere richiesto all\u2019ultimo comune di residenza in Italia presso la cui AIRE il connazionale risulti essere iscritto.<\/strong><\/p>\n<p>Si informa che la legge\u00a0 n. 183 del 12 novembre 2011 all\u2019art.15\u00a0 consente una completa decertificazione nei rapporti fra Pubblica Amministrazione e privati. Pertanto dal\u00a0<strong>1\u00b0 gennaio 2012\u00a0<\/strong>le certificazioni rilasciate dalle Pubbliche Amministrazioni (quindi anche da questo Consolato)\u00a0<strong>sono valide ed utilizzabili solo nel rapporto fra privati<\/strong>. Nei rapporti con gli organi della Pubblica Amministrazione ed i gestori di pubblici servizi, i certificati (quindi anche quello di residenza)\u00a0<strong>sono sempre sostituiti dalle dichiarazioni sostitutive\u00a0<\/strong>(autocertificazioni) o dall\u2019atto di notoriet\u00e0.<\/p>\n<p>Le Amministrazioni Pubbliche non potranno pi\u00f9 chiedere o accettare i certificati.<\/p>\n<p>Nel caso in cui un privato chieda il rilascio di un certificato da consegnare ad altro privato residente all\u2019estero o ad un\u2019Amministrazione di un Paese diverso dall\u2019Italia, anche questo\u00a0 certificato dovr\u00e0\u00a0<span style=\"text-decoration: underline;\">essere richiesto al Comune presso la cui AIRE il connazionale risulta essere iscritto, ed \u00e8 valido solo per l\u2019estero.<\/span><\/p>\n<p><span style=\"text-decoration: underline;\">Si ricorda che le autocertificazioni NON vengono accettate come prova di residenza per la richiesta di iscrizione in Aire (DL 223\/2012).<\/span><\/p>\n<p><strong>Desidero modificare il mio nome\/cognome: come procedo?<\/strong><\/p>\n<p>In base agli artt. 84 e seguenti del D.P.R. 396 del 3.11.2000, per modificare il proprio nome o cognome la persona interessata deve presentare una domanda scritta che verr\u00e0 inviata alla Prefettura del luogo di ultima residenza. Nella domanda si deve:<\/p>\n<ol>\n<li>domanda in bollo da \u20ac 16,00<\/li>\n<\/ol>\n<p><a href=\"https:\/\/ambdublino.esteri.it\/wp-content\/uploads\/2023\/06\/MOD._A_ISTANZA_CAMBIO_NOMECOGNOME_MAGGIORENNI.doc\">(v. modello cambiamento del nome per maggiorenni)<\/a><\/p>\n<p><a href=\"https:\/\/ambdublino.esteri.it\/wp-content\/uploads\/2023\/06\/MOD._C_ISTANZA_CAMBIO_NOMECOGNOME_MINORE.doc\">(v. modello cambiamento del nome per minori)<\/a><\/p>\n<ol start=\"2\">\n<li>dichiarazione sostitutiva di certificazione, sottoscritta dal richiedente, attestante il luogo e la data di nascita,\u00a0 la residenza, lo\u00a0 stato di famiglia e la cittadinanza<\/li>\n<\/ol>\n<p><a href=\"https:\/\/ambdublino.esteri.it\/wp-content\/uploads\/2023\/06\/Dichiarazione-sostitutiva-di-certificazione-1.pdf\">(v. modello di autocertificazione)<\/a><\/p>\n<ol start=\"3\">\n<li>eventuale documentazione utile a sostenere le motivazioni della richiesta<\/li>\n<li>fotocopia di un documento di identit\u00e0 (solo se inviata per posta)<\/li>\n<\/ol>\n<p>Quando il cambio di nome sara\u2019 autorizzato il richiedente dovr\u00e0 produrre un\u2019ulteriore marca da bollo da apporre sul decreto.<\/p>\n<h2 style=\"text-align: center;\"><span style=\"text-decoration: underline;\"><strong>MATRIMONI\u00a0<\/strong><\/span><\/h2>\n<p><b><i>Devo sposarmi in ITALIA, cosa devo fare?<\/i><\/b><\/p>\n<p><span style=\"text-decoration: underline;\">Richiesta di Pubblicazioni di matrimonio<\/span>:\u00a0<a href=\"https:\/\/ambdublino.esteri.it\/wp-content\/uploads\/2023\/04\/informazioni_-_pubblicazioni_di_matrimonio.pdf\"><strong>informazioni_<\/strong><\/a><strong>\u00a0<\/strong>e<strong>\u00a0<\/strong><a href=\"https:\/\/ambdublino.esteri.it\/wp-content\/uploads\/2023\/04\/Modulo-DUB-M.1-Pubblicazioni-di-matrimonio.pdf\"><strong>Modulo DUB-M\/1<\/strong><\/a><\/p>\n<p><b><i>Devo sposarmi in IRLANDA\/ALTRO PAESE, cosa devo fare?<\/i><\/b><\/p>\n<p><span style=\"text-decoration: underline;\">Richiesta di Nulla osta al matrimonio all\u2019estero\u00a0<em>oppure<\/em>\u00a0di Certificato di capacit\u00e0 matrimoniale<\/span>:\u00a0<strong><a href=\"https:\/\/ambdublino.esteri.it\/wp-content\/uploads\/2023\/04\/informazioni_-_nulla_osta_al_matrimonio_allestero_o_certificato_di_capacita_matrimoniale.pdf\">Informazioni<\/a>\u00a0<\/strong>e<strong>\u00a0<\/strong><a href=\"https:\/\/ambdublino.esteri.it\/wp-content\/uploads\/2023\/04\/Modulo-DUB-M.2-Richiesta-Nulla-osta-o-certificato-di-capacita-matrimoniale.pdf\"><strong>Modulo DUB-M\/2<\/strong><\/a><b><\/b><\/p>\n<h2 style=\"text-align: center;\"><span style=\"text-decoration: underline;\"><b>FAST IT<\/b><\/span><\/h2>\n<p class=\"x_MsoNormal\"><b>Il programma non mi permette di caricare i file. Non riesco a caricare i documenti richiesti. Come procedere?<\/b><\/p>\n<p class=\"x_MsoNormal\">Si consiglia di scannerizzare i documenti in formato PDF: tale formato permette di inserire in uno stesso file pi\u00f9 documenti. Si ricorda che ogni file creato non deve superare il peso massimo di 1 Mega (si consiglia di verificare la dimensione dei file e di ridurre la risoluzione dello stesso)<\/p>\n<p class=\"x_MsoNormal\"><b>Il tasto \u201cTrasmetti la domanda\u201d non \u00e8 attivo. Come fare?<\/b><\/p>\n<p class=\"x_MsoNormal\">Assicurarsi di aver caricato un minimo di tre files.<\/p>\n<p class=\"x_MsoNormal\"><b>Sono gi\u00e0 iscritto AIRE, ma il programma mi permette unicamente di effettuare un\u2019iscrizione e non il cambio indirizzo. Come fare?<\/b><\/p>\n<p class=\"x_MsoNormal\">Si suggerisce di verificare di aver creato l\u2019account Fast It inserendo il proprio nome e cognome esattamente come indicati sul proprio documento di identit\u00e0 (non utilizzare lettere accentate ma unicamente l\u2019apostrofo). Inoltre, per coloro che si fossero iscritti prima dell\u2019avvento di Fast it, prima di poter comunicare il cambio indirizzo \u00e8 necessario richiedere l\u2019accesso alla propria scheda consolare trasmettendo unicamente un documento di identit\u00e0 e attendere che la domanda venga validata.<\/p>\n<p>&nbsp;<\/p>\n<h2 class=\"x_MsoNormal\" style=\"text-align: center;\"><span style=\"text-decoration: underline;\"><b>DOCUMENTI DI VIAGGIO<\/b><\/span><\/h2>\n<p class=\"x_MsoNormal\"><b><i>Ho un figlio minore di anni 14 che deve viaggiare non accompagnato da genitori: cosa devo fare?<\/i><\/b><\/p>\n<p class=\"x_MsoNormal\">Occorre presentare in Consolato una dichiarazione di accompagnamento. I genitori possono richiedere che i nominativi degli accompagnatori, la durata del viaggio e la destinazione siano stampati sul passaporto del minore oppure, in alternativa, che tali dati siano riportati in una separata attestazione che verr\u00e0 stampata e rilasciata dall\u2019Ufficio consolare. Nel caso in cui il minore sia affidato ad un ente o ad una compagnia di trasporto sar\u00e0 rilasciata unicamente l\u2019attestazione. <strong><a href=\"https:\/\/ambdublino.esteri.it\/ambasciata_dublino\/resource\/doc\/2018\/01\/modulo_dub-p.2_-_assenso_al_rilascio_di_un_nuovo_passaporto_a_favore_dellaltro_genitore_di_figli_minori.pdf\">\u00a0<\/a><a href=\"https:\/\/ambdublino.esteri.it\/wp-content\/uploads\/2023\/04\/informazioni_-_dichiarazioni_di_accompagnamento.pdf\">Informazioni<\/a>\u00a0e\u00a0<a href=\"https:\/\/ambdublino.esteri.it\/wp-content\/uploads\/2023\/04\/modulo_dub-p.4_-_dichiarazione_di_accompagnamento_per_minori.pdf\">modulo dichiarazione_di_accompagnamento_per_minori<\/a><\/strong><\/p>\n<p class=\"x_MsoNormal\"><b><i>Cosa fare in caso di furto o smarrimento del di un documento d\u2019identit\u00e0?<\/i><\/b><\/p>\n<p class=\"x_MsoNormal\"><b><\/b>In caso di furto o smarrimento di un documento d\u2019identit\u00e0, il cittadino italiano residente all\u2019estero deve presentare\u00a0<u>denuncia presso le Autorit\u00e0 locali (An Garda Siochana)<\/u> e rivolgersi all\u2019Ambasciata per ottenere un altro documento. Se il connazionale e&#8217; residente in Irlanda, quindi iscritto AIRE, deve prenotare un appuntamento per il rilascio di un nuovo passaporto o carta di identita&#8217; tramite <a href=\"https:\/\/prenotami.esteri.it\/\">il portale PRENOT@MI\u00a0<\/a><\/p>\n<p>Se il connazionale e&#8217; temporaneamente in Irlanda, dovra&#8217; recarsi in Ambasciata per il rilascio di un ETD, Emergency Travel Document (vedi giu&#8217; il prossimo punto).<\/p>\n<p class=\"x_MsoNormal\"><b><i>Sono un turista sprovvisto di documenti d\u2019identit\u00e0 e devo rientrare in Italia. Come fare?<\/i><\/b><\/p>\n<p class=\"x_MsoNormal\">In caso di furto o smarrimento di tutti i documenti d\u2019identit\u00e0, il cittadino italiano che si trova in Irlanda temporaneamente e deve fare rientro in Italia pu\u00f2 chiedere l\u2019emissione di un documento temporaneo d\u2019emergenza \u201cETD\u201d. Per informazioni consultare la pagina <a href=\"https:\/\/ambdublino.esteri.it\/it\/servizi-consolari-e-visti\/servizi-per-il-cittadino-italiano\/emergency-travel-documents-etd\/\">(CLICCA QUI)<\/a><\/p>\n<p><span style=\"text-decoration: underline;\">Il documento di viaggio provvisorio ETD, puo&#8217; essere rilasciato non oltre 5 giorni prima della data di partenza ed esclusivamente per viaggi di ritorno verso il paese di residenza.<\/span><\/p>\n<h2 style=\"text-align: center;\"><span style=\"text-decoration: underline;\">Passaporti<\/span><\/h2>\n<p><strong>Il mio passaporto e&#8217; scaduto o devo richiedere il passaporto per la prima volta, cosa devo fare?<\/strong><\/p>\n<p>Per ottenere un passaporto, e&#8217; necessario prenotare un appuntamento tramite <a href=\"https:\/\/prenotami.esteri.it\/\">il portale PRENOT@MI<\/a><\/p>\n<p>L\u2019Ambasciata d\u2019Italia a Dublino \u00e8 competente per il rilascio di passaporti a cittadini italiani residenti in Irlanda e regolarmente iscritti all\u2019A.I.R.E.<\/p>\n<p>I residenti non ancora iscritti possono presentare domanda di passaporto SOLO dopo aver caricato la propria richiesta di iscrizione AIRE on-line (comprensiva di completa ed adeguata documentazione) attraverso il portale FAST.IT\u00a0<a href=\"https:\/\/serviziconsolari.esteri.it\/ScoFE\/index.sco\" target=\"_blank\" rel=\"noopener noreferrer\">[clicca qui]<\/a><\/p>\n<p>Per maggiori informazioni <a href=\"https:\/\/ambdublino.esteri.it\/it\/servizi-consolari-e-visti\/servizi-per-il-cittadino-italiano\/passaporti-e-carte-didentita\/\">CLICCA QUI<\/a><\/p>\n<h2 style=\"text-align: center;\"><span style=\"text-decoration: underline;\"><strong>Carte di Identita&#8217;<\/strong><\/span><\/h2>\n<p><strong>La mia Carta di Identita&#8217; e&#8217; scaduta o devo richiederla per la prima volta, cosa devo fare?<\/strong><\/p>\n<p>L\u2019Ambasciata d\u2019Italia a Dublino pu\u00f2 rilasciare la carta d\u2019identit\u00e0 esclusivamente ai cittadini italiani regolarmente residenti in questa circoscrizione consolare, gi\u00e0 registrati nello schedario consolare e i cui dati anagrafici siano gi\u00e0 presenti nel registro A.I.R.E. (Anagrafe degli Italiani Residenti all\u2019Estero).<\/p>\n<p>Per ottenere una Carta di Identita&#8217; CIE, e&#8217; necessario prenotare un appuntamento tramite <a href=\"https:\/\/prenotami.esteri.it\/\">il portale PRENOT@MI<\/a><\/p>\n<p>Per maggiori informazioni <a href=\"https:\/\/ambdublino.esteri.it\/it\/servizi-consolari-e-visti\/servizi-per-il-cittadino-italiano\/carte-di-identita-cie\/\">CLICCA QUI<\/a><\/p>\n<p><strong>Sono iscritto AIRE, ma mi trovo in Italia. Posso richiedere la Carta di Identita&#8217; CIE presso il mio comune?<\/strong><\/p>\n<p>No, non e&#8217; possibile ottenere la CIE presso il comune se si e&#8217; residenti all&#8217;estero. Tuttavia, e&#8217; possibile richiedere presso il comune il formato cartaceo (non plastificato CIE).<\/p>\n<h2 class=\"x_MsoNormal\" align=\"center\"><span style=\"text-decoration: underline;\"><b>VARIE<\/b><\/span><\/h2>\n<p class=\"x_MsoNormal\"><b><i>Sono gi\u00e0 iscritto AIRE, ma il programma mi permette unicamente di effettuare un\u2019iscrizione e non il cambio indirizzo. Come fare?<\/i><\/b><\/p>\n<p class=\"x_MsoNormal\">Si suggerisce di verificare di aver creato l\u2019account Fast It inserendo il proprio nome e cognome esattamente come indicati sul proprio documento di identit\u00e0 (non utilizzare lettere accentate ma unicamente l\u2019apostrofo). Inoltre, per coloro che si fossero iscritti prima dell\u2019avvento di Fast it, prima di poter comunicare il cambio indirizzo \u00e8 necessario richiedere l\u2019accesso alla propria scheda consolare trasmettendo unicamente un documento di identit\u00e0 e attendere che la domanda venga validata. <a href=\"https:\/\/serviziconsolari.esteri.it\/ScoFE\/index.sco\">Portale FAST IT<\/a><\/p>\n<p class=\"x_MsoNormal\"><b><i>Come fare per sapere se la domanda \u00e8 stata accettata e trattata?<\/i><\/b><\/p>\n<p class=\"x_MsoNormal\">Occorre verificare lo Status della domanda sul proprio profilo FAST IT.<\/p>\n<ul>\n<li class=\"x_MsoNormal\">PRESENTATA = la domanda \u00e8 stata ricevuta ma non \u00e8 ancora stata trattata.<\/li>\n<li class=\"x_MsoNormal\">IN LAVORAZIONE = la domanda \u00e8 stata presa in carico e l\u2019ufficio ha predisposto le verifiche presso il Comune di ultima residenza per acquisire informazioni supplementari (di norma, la conferma che gli atti di Stato Civile \u2013 nascite e matrimoni formati all\u2019estero \u2013 siano stati regolarmente registrati in Italia).<\/li>\n<li class=\"x_MsoNormal\">VERIFICA FALLITA = la domanda \u00e8 stata restituita al richiedente (verificare la propria mail per conoscere la motivazione) che dovr\u00e0 integrarla con i documenti richiesti via mail e ritrasmetterla entro 30 giorni dalla richiesta.<\/li>\n<li class=\"x_MsoNormal\">ISTANZA SCADUTA = la domanda restituita (vedasi sopra) non \u00e8 stata ritrasmessa entro i 30 giorni dalla richiesta e non \u00e8 pi\u00f9 valida. Sar\u00e0 necessario creare una nuova domanda.<\/li>\n<li class=\"x_MsoNormal\">TRASMESSA AL COMUNE = la domanda \u00e8 stata trasmessa al Comune che notificher\u00e0 direttamente al richiedente l\u2019iscrizione AIRE.<\/li>\n<\/ul>\n<p>&nbsp;<\/p>\n<p class=\"x_MsoNormal\"><b>Quali browser sono supportati dal sistema di prenotazione appuntamenti?<br \/>\n<\/b>I browser compatibili con Prenot@mi sono i seguenti: Google Chrome \u2013 versione 88 e superiori e Microsoft Edge. L\u2019utilizzo di browser non supportati non garantisce al corretta fruibilit\u00e0 di tutti i contenuti del portale.<\/p>\n<p class=\"x_MsoNormal\"><b><i>Posso richiedere il codice fiscale al Consolato?<\/i><\/b><\/p>\n<p class=\"x_MsoNormal\">Si\u2019 se sei residente in questa circoscrizione consolare. Per info sulle modalit\u00e0 di richiesta si invita a consultare\u00a0<a href=\"https:\/\/ambdublino.esteri.it\/it\/servizi-consolari-e-visti\/servizi-per-il-cittadino-italiano\/codice-fiscale\/\" target=\"_blank\" rel=\"noopener noreferrer\">la pagina<\/a><\/p>\n<p class=\"x_MsoNormal\"><b><i>Posso rinnovare la patente italiana in Consolato?<\/i><\/b><\/p>\n<p class=\"x_MsoNormal\">No. I cittadini italiani residenti all\u2019estero in un paese dell\u2019Unione Europea e che sono regolarmente iscritti all\u2019AIRE devono rivolgersi per il rinnovo della loro patente esclusivamente alle autorit\u00e0 del Paese di residenza che provvederanno alla conversione della stessa. Se non sono iscritti all\u2019AIRE, avendo mantenuto la propria residenza in Italia, dovranno rivolgersi all\u2019Ufficio della Motorizzazione che in Italia ne ha effettuato il rilascio. <a href=\"https:\/\/ambdublino.esteri.it\/it\/servizi-consolari-e-visti\/servizi-per-il-cittadino-italiano\/autoveicoli-e-patenti-di-guida\/\">Per maggiori informazioni consultare\u00a0la pagina<\/a><\/p>\n<p>&nbsp;<\/p>\n","protected":false},"excerpt":{"rendered":"AIRE E\u2019 obbligatorio iscriversi all\u2019AIRE? Devono iscriversi all\u2019A.I.R.E.i cittadini che trasferiscono la propria residenza all\u2019estero per periodi superiori a 12 mesi. Entro quanto devo iscrivermi all\u2019AIRE? \u00c8\u00a0necessario iscriversi entro 90 giorni dal trasferimento all\u2019estero. L\u2019iscrizione pu\u00f2 essere fatta anche successivamente, ma non pu\u00f2 essere retroattiva Come faccio a sapere se sono stato iscritto in anagrafe [&hellip;]","protected":false},"author":4,"featured_media":960,"parent":47,"menu_order":1,"comment_status":"closed","ping_status":"closed","template":"","meta":{"footnotes":""},"class_list":["post-959","page","type-page","status-publish","has-post-thumbnail","hentry"],"_links":{"self":[{"href":"https:\/\/ambdublino.esteri.it\/it\/wp-json\/wp\/v2\/pages\/959","targetHints":{"allow":["GET"]}}],"collection":[{"href":"https:\/\/ambdublino.esteri.it\/it\/wp-json\/wp\/v2\/pages"}],"about":[{"href":"https:\/\/ambdublino.esteri.it\/it\/wp-json\/wp\/v2\/types\/page"}],"author":[{"embeddable":true,"href":"https:\/\/ambdublino.esteri.it\/it\/wp-json\/wp\/v2\/users\/4"}],"replies":[{"embeddable":true,"href":"https:\/\/ambdublino.esteri.it\/it\/wp-json\/wp\/v2\/comments?post=959"}],"version-history":[{"count":8,"href":"https:\/\/ambdublino.esteri.it\/it\/wp-json\/wp\/v2\/pages\/959\/revisions"}],"predecessor-version":[{"id":1014,"href":"https:\/\/ambdublino.esteri.it\/it\/wp-json\/wp\/v2\/pages\/959\/revisions\/1014"}],"up":[{"embeddable":true,"href":"https:\/\/ambdublino.esteri.it\/it\/wp-json\/wp\/v2\/pages\/47"}],"wp:featuredmedia":[{"embeddable":true,"href":"https:\/\/ambdublino.esteri.it\/it\/wp-json\/wp\/v2\/media\/960"}],"wp:attachment":[{"href":"https:\/\/ambdublino.esteri.it\/it\/wp-json\/wp\/v2\/media?parent=959"}],"curies":[{"name":"wp","href":"https:\/\/api.w.org\/{rel}","templated":true}]}}